{"id":10457,"date":"2024-04-30T03:12:10","date_gmt":"2024-04-30T03:12:10","guid":{"rendered":"https:\/\/camexa-formularios.com\/centro_capacitacion\/?page_id=10457"},"modified":"2025-12-09T17:10:31","modified_gmt":"2025-12-09T17:10:31","slug":"noticia-3-2","status":"publish","type":"page","link":"https:\/\/camexa-formularios.com\/centro_capacitacion\/noticia-3-2\/","title":{"rendered":"3. Noticia"},"content":{"rendered":"\t\t<div data-elementor-type=\"wp-page\" data-elementor-id=\"10457\" class=\"elementor elementor-10457\" data-elementor-post-type=\"page\">\n\t\t\t\t\t\t<section class=\"elementor-section elementor-top-section elementor-element elementor-element-27ba2df3 elementor-section-height-min-height elementor-section-boxed elementor-section-height-default elementor-section-items-middle\" data-id=\"27ba2df3\" data-element_type=\"section\" data-settings=\"{&quot;background_background&quot;:&quot;classic&quot;}\">\n\t\t\t\t\t\t<div class=\"elementor-container elementor-column-gap-default\">\n\t\t\t\t\t<div class=\"elementor-column elementor-col-100 elementor-top-column elementor-element elementor-element-c9f3985\" data-id=\"c9f3985\" data-element_type=\"column\">\n\t\t\t<div class=\"elementor-widget-wrap elementor-element-populated\">\n\t\t\t\t\t\t<div class=\"elementor-element elementor-element-4376ad10 elementor-widget elementor-widget-heading\" data-id=\"4376ad10\" data-element_type=\"widget\" data-widget_type=\"heading.default\">\n\t\t\t\t<div class=\"elementor-widget-container\">\n\t\t\t\t\t<h1 class=\"elementor-heading-title elementor-size-default\">AHK M\u00e9xico felicita a BASF por sus 60 a\u00f1os de operaciones y compromiso con la sostenibilidad<\/h1>\t\t\t\t<\/div>\n\t\t\t\t<\/div>\n\t\t\t\t\t<\/div>\n\t\t<\/div>\n\t\t\t\t\t<\/div>\n\t\t<\/section>\n\t\t\t\t<section class=\"elementor-section elementor-top-section elementor-element elementor-element-3dcd56d elementor-section-boxed elementor-section-height-default elementor-section-height-default\" data-id=\"3dcd56d\" data-element_type=\"section\">\n\t\t\t\t\t\t<div class=\"elementor-container elementor-column-gap-default\">\n\t\t\t\t\t<div class=\"elementor-column elementor-col-100 elementor-top-column elementor-element elementor-element-cb0b2b9\" data-id=\"cb0b2b9\" data-element_type=\"column\">\n\t\t\t<div class=\"elementor-widget-wrap elementor-element-populated\">\n\t\t\t\t\t\t<div class=\"elementor-element elementor-element-4a934b86 elementor-widget elementor-widget-heading\" data-id=\"4a934b86\" data-element_type=\"widget\" data-widget_type=\"heading.default\">\n\t\t\t\t<div class=\"elementor-widget-container\">\n\t\t\t\t\t<h2 class=\"elementor-heading-title elementor-size-default\">Ciudad de M\u00e9xico, 18 de abril de 2024 <\/h2>\t\t\t\t<\/div>\n\t\t\t\t<\/div>\n\t\t\t\t<div class=\"elementor-element elementor-element-38309f5c elementor-widget__width-initial elementor-widget elementor-widget-heading\" data-id=\"38309f5c\" data-element_type=\"widget\" data-widget_type=\"heading.default\">\n\t\t\t\t<div class=\"elementor-widget-container\">\n\t\t\t\t\t<h3 class=\"elementor-heading-title elementor-size-default\">AHK M\u00e9xico, la C\u00e1mara Alemana de Industria y Comercio en M\u00e9xico, extiende sus m\u00e1s sinceras felicitaciones a su socio BASF por cumplir 60 a\u00f1os de operaciones en el pa\u00eds. <\/h3>\t\t\t\t<\/div>\n\t\t\t\t<\/div>\n\t\t\t\t\t<\/div>\n\t\t<\/div>\n\t\t\t\t\t<\/div>\n\t\t<\/section>\n\t\t\t\t<section class=\"elementor-section elementor-top-section elementor-element elementor-element-3d95ed10 elementor-section-boxed elementor-section-height-default elementor-section-height-default\" data-id=\"3d95ed10\" data-element_type=\"section\">\n\t\t\t\t\t\t<div class=\"elementor-container elementor-column-gap-default\">\n\t\t\t\t\t<div class=\"elementor-column elementor-col-50 elementor-top-column elementor-element elementor-element-3d1fbf8d\" data-id=\"3d1fbf8d\" data-element_type=\"column\">\n\t\t\t<div class=\"elementor-widget-wrap elementor-element-populated\">\n\t\t\t\t\t\t<div class=\"elementor-element elementor-element-1088f501 elementor-invisible elementor-widget elementor-widget-image-carousel\" data-id=\"1088f501\" data-element_type=\"widget\" data-settings=\"{&quot;slides_to_show&quot;:&quot;1&quot;,&quot;navigation&quot;:&quot;none&quot;,&quot;_animation&quot;:&quot;fadeIn&quot;,&quot;autoplay&quot;:&quot;yes&quot;,&quot;pause_on_hover&quot;:&quot;yes&quot;,&quot;pause_on_interaction&quot;:&quot;yes&quot;,&quot;autoplay_speed&quot;:5000,&quot;infinite&quot;:&quot;yes&quot;,&quot;effect&quot;:&quot;slide&quot;,&quot;speed&quot;:500}\" data-widget_type=\"image-carousel.default\">\n\t\t\t\t<div class=\"elementor-widget-container\">\n\t\t\t\t\t\t\t<div class=\"elementor-image-carousel-wrapper swiper\" role=\"region\" aria-roledescription=\"carousel\" aria-label=\"Carrusel de Im\u00e1genes\" dir=\"ltr\">\n\t\t\t<div class=\"elementor-image-carousel swiper-wrapper\" aria-live=\"off\">\n\t\t\t\t\t\t\t\t<div class=\"swiper-slide\" role=\"group\" aria-roledescription=\"slide\" aria-label=\"1 de 1\"><figure class=\"swiper-slide-inner\"><img decoding=\"async\" class=\"swiper-slide-image\" src=\"https:\/\/camexa-formularios.com\/centro_capacitacion\/wp-content\/uploads\/2024\/04\/Grupo-BASF-e1716932236390.jpg\" alt=\"Grupo-BASF\" \/><\/figure><\/div>\t\t\t<\/div>\n\t\t\t\t\t<\/div>\n\t\t\t\t\t\t<\/div>\n\t\t\t\t<\/div>\n\t\t\t\t\t<\/div>\n\t\t<\/div>\n\t\t\t\t<div class=\"elementor-column elementor-col-50 elementor-top-column elementor-element elementor-element-28fc042c\" data-id=\"28fc042c\" data-element_type=\"column\">\n\t\t\t<div class=\"elementor-widget-wrap elementor-element-populated\">\n\t\t\t\t\t\t<div class=\"elementor-element elementor-element-6e80766b elementor-widget elementor-widget-text-editor\" data-id=\"6e80766b\" data-element_type=\"widget\" data-widget_type=\"text-editor.default\">\n\t\t\t\t<div class=\"elementor-widget-container\">\n\t\t\t\t\t\t\t\t\t<p>Durante este tiempo, BASF ha demostrado un compromiso inquebrantable con la innovaci\u00f3n y la promoci\u00f3n de soluciones sostenibles, lo que ha contribuido significativamente al desarrollo econ\u00f3mico y social de M\u00e9xico.<\/p><p>En el marco de la Primera Semana de la Sustentabilidad de BASF,<strong> celebrada del 17 al 21 de abril en la Ciudad de M\u00e9xico,<\/strong> la compa\u00f1\u00eda reconoci\u00f3 a representantes de gobiernos, organizaciones no gubernamentales, instituciones acad\u00e9micas, clientes y otros actores clave por su colaboraci\u00f3n en el impulso a la sostenibilidad. AHK M\u00e9xico se enorgullece de ser parte de este ecosistema de innovaci\u00f3n y compromiso con el desarrollo sostenible.<\/p><p>AHK M\u00e9xico continuar\u00e1 trabajando en estrecha colaboraci\u00f3n con BASF para promover la innovaci\u00f3n y la sostenibilidad en M\u00e9xico. Juntos, podemos construir un futuro mejor para las generaciones venideras.<\/p>\t\t\t\t\t\t\t\t<\/div>\n\t\t\t\t<\/div>\n\t\t\t\t<section class=\"elementor-section elementor-inner-section elementor-element elementor-element-b498710 elementor-section-height-min-height elementor-section-boxed elementor-section-height-default\" data-id=\"b498710\" data-element_type=\"section\">\n\t\t\t\t\t\t<div class=\"elementor-container elementor-column-gap-default\">\n\t\t\t\t\t<div class=\"elementor-column elementor-col-100 elementor-inner-column elementor-element elementor-element-7ad54c91\" data-id=\"7ad54c91\" data-element_type=\"column\" data-settings=\"{&quot;background_background&quot;:&quot;classic&quot;}\">\n\t\t\t<div class=\"elementor-widget-wrap elementor-element-populated\">\n\t\t\t\t\t\t<div class=\"elementor-element elementor-element-7be3576a elementor-widget elementor-widget-heading\" data-id=\"7be3576a\" data-element_type=\"widget\" data-widget_type=\"heading.default\">\n\t\t\t\t<div class=\"elementor-widget-container\">\n\t\t\t\t\t<h2 class=\"elementor-heading-title elementor-size-default\">#PartnerEnM\u00e9xico<\/h2>\t\t\t\t<\/div>\n\t\t\t\t<\/div>\n\t\t\t\t\t<\/div>\n\t\t<\/div>\n\t\t\t\t\t<\/div>\n\t\t<\/section>\n\t\t\t\t\t<\/div>\n\t\t<\/div>\n\t\t\t\t\t<\/div>\n\t\t<\/section>\n\t\t\t\t<section class=\"elementor-section elementor-top-section elementor-element elementor-element-34cbf5ac elementor-section-height-min-height elementor-section-boxed elementor-section-height-default elementor-section-items-middle\" data-id=\"34cbf5ac\" data-element_type=\"section\" data-settings=\"{&quot;background_background&quot;:&quot;classic&quot;}\">\n\t\t\t\t\t\t\t<div class=\"elementor-background-overlay\"><\/div>\n\t\t\t\t\t\t\t<div class=\"elementor-container elementor-column-gap-default\">\n\t\t\t\t\t<div class=\"elementor-column elementor-col-100 elementor-top-column elementor-element elementor-element-430d94bd\" data-id=\"430d94bd\" data-element_type=\"column\">\n\t\t\t<div class=\"elementor-widget-wrap elementor-element-populated\">\n\t\t\t\t\t\t<div class=\"elementor-element elementor-element-1de76f55 elementor-widget elementor-widget-heading\" data-id=\"1de76f55\" data-element_type=\"widget\" data-widget_type=\"heading.default\">\n\t\t\t\t<div class=\"elementor-widget-container\">\n\t\t\t\t\t<h2 class=\"elementor-heading-title elementor-size-default\">S\u00e9 parte del cambio hac\u00eda un futuro Sostenible<\/h2>\t\t\t\t<\/div>\n\t\t\t\t<\/div>\n\t\t\t\t<div class=\"elementor-element elementor-element-793b1c91 elementor-align-center elementor-widget elementor-widget-button\" data-id=\"793b1c91\" data-element_type=\"widget\" data-widget_type=\"button.default\">\n\t\t\t\t<div class=\"elementor-widget-container\">\n\t\t\t\t\t\t\t\t\t<div class=\"elementor-button-wrapper\">\n\t\t\t\t\t<a class=\"elementor-button elementor-button-link elementor-size-md\" href=\"https:\/\/camexa-formularios.com\/centro_capacitacion\/news-feed\/\">\n\t\t\t\t\t\t<span class=\"elementor-button-content-wrapper\">\n\t\t\t\t\t\t<span class=\"elementor-button-icon\">\n\t\t\t\t<i aria-hidden=\"true\" class=\"fas fa-long-arrow-alt-right\"><\/i>\t\t\t<\/span>\n\t\t\t\t\t\t\t\t\t<span class=\"elementor-button-text\">Ver m\u00e1s noticias<\/span>\n\t\t\t\t\t<\/span>\n\t\t\t\t\t<\/a>\n\t\t\t\t<\/div>\n\t\t\t\t\t\t\t\t<\/div>\n\t\t\t\t<\/div>\n\t\t\t\t\t<\/div>\n\t\t<\/div>\n\t\t\t\t\t<\/div>\n\t\t<\/section>\n\t\t\t\t<\/div>\n\t\t","protected":false},"excerpt":{"rendered":"<p>AHK M\u00e9xico felicita a BASF por sus 60 a\u00f1os de operaciones y compromiso con la sostenibilidad Ciudad de M\u00e9xico, 18 de abril de 2024 AHK M\u00e9xico, la C\u00e1mara Alemana de Industria y Comercio en M\u00e9xico, extiende sus m\u00e1s sinceras felicitaciones a su socio BASF por cumplir 60 a\u00f1os de operaciones en el pa\u00eds. Durante este &hellip;<\/p>\n<p class=\"read-more\"> <a class=\"\" href=\"https:\/\/camexa-formularios.com\/centro_capacitacion\/noticia-3-2\/\"> <span class=\"screen-reader-text\">3. Noticia<\/span> Leer m\u00e1s &raquo;<\/a><\/p>\n","protected":false},"author":1,"featured_media":0,"parent":0,"menu_order":0,"comment_status":"closed","ping_status":"closed","template":"","meta":{"site-sidebar-layout":"no-sidebar","site-content-layout":"","ast-site-content-layout":"full-width-container","site-content-style":"default","site-sidebar-style":"default","ast-global-header-display":"","ast-banner-title-visibility":"","ast-main-header-display":"","ast-hfb-above-header-display":"","ast-hfb-below-header-display":"","ast-hfb-mobile-header-display":"","site-post-title":"disabled","ast-breadcrumbs-content":"","ast-featured-img":"disabled","footer-sml-layout":"","theme-transparent-header-meta":"","adv-header-id-meta":"","stick-header-meta":"","header-above-stick-meta":"","header-main-stick-meta":"","header-below-stick-meta":"","astra-migrate-meta-layouts":"","footnotes":""},"class_list":["post-10457","page","type-page","status-publish","hentry"],"_links":{"self":[{"href":"https:\/\/camexa-formularios.com\/centro_capacitacion\/wp-json\/wp\/v2\/pages\/10457","targetHints":{"allow":["GET"]}}],"collection":[{"href":"https:\/\/camexa-formularios.com\/centro_capacitacion\/wp-json\/wp\/v2\/pages"}],"about":[{"href":"https:\/\/camexa-formularios.com\/centro_capacitacion\/wp-json\/wp\/v2\/types\/page"}],"author":[{"embeddable":true,"href":"https:\/\/camexa-formularios.com\/centro_capacitacion\/wp-json\/wp\/v2\/users\/1"}],"replies":[{"embeddable":true,"href":"https:\/\/camexa-formularios.com\/centro_capacitacion\/wp-json\/wp\/v2\/comments?post=10457"}],"version-history":[{"count":29,"href":"https:\/\/camexa-formularios.com\/centro_capacitacion\/wp-json\/wp\/v2\/pages\/10457\/revisions"}],"predecessor-version":[{"id":16721,"href":"https:\/\/camexa-formularios.com\/centro_capacitacion\/wp-json\/wp\/v2\/pages\/10457\/revisions\/16721"}],"wp:attachment":[{"href":"https:\/\/camexa-formularios.com\/centro_capacitacion\/wp-json\/wp\/v2\/media?parent=10457"}],"curies":[{"name":"wp","href":"https:\/\/api.w.org\/{rel}","templated":true}]}}