{"id":11102,"date":"2024-05-28T20:25:47","date_gmt":"2024-05-28T20:25:47","guid":{"rendered":"https:\/\/camexa-formularios.com\/centro_capacitacion\/?page_id=11102"},"modified":"2024-06-10T16:33:18","modified_gmt":"2024-06-10T16:33:18","slug":"5-noticia","status":"publish","type":"page","link":"https:\/\/camexa-formularios.com\/centro_capacitacion\/5-noticia\/","title":{"rendered":"5. Noticia"},"content":{"rendered":"\t\t<div data-elementor-type=\"wp-page\" data-elementor-id=\"11102\" class=\"elementor elementor-11102\" data-elementor-post-type=\"page\">\n\t\t\t\t\t\t<section class=\"elementor-section elementor-top-section elementor-element elementor-element-489b051 elementor-section-height-min-height elementor-section-boxed elementor-section-height-default elementor-section-items-middle\" data-id=\"489b051\" data-element_type=\"section\" data-settings=\"{&quot;background_background&quot;:&quot;classic&quot;}\">\n\t\t\t\t\t\t<div class=\"elementor-container elementor-column-gap-default\">\n\t\t\t\t\t<div class=\"elementor-column elementor-col-100 elementor-top-column elementor-element elementor-element-6364d7da\" data-id=\"6364d7da\" data-element_type=\"column\">\n\t\t\t<div class=\"elementor-widget-wrap elementor-element-populated\">\n\t\t\t\t\t\t<div class=\"elementor-element elementor-element-38ddd2e6 elementor-widget elementor-widget-heading\" data-id=\"38ddd2e6\" data-element_type=\"widget\" data-widget_type=\"heading.default\">\n\t\t\t\t<div class=\"elementor-widget-container\">\n\t\t\t\t\t<h1 class=\"elementor-heading-title elementor-size-default\">Nueva Legislaci\u00f3n en CDMX para Captaci\u00f3n de Agua de Lluvia<\/h1>\t\t\t\t<\/div>\n\t\t\t\t<\/div>\n\t\t\t\t\t<\/div>\n\t\t<\/div>\n\t\t\t\t\t<\/div>\n\t\t<\/section>\n\t\t\t\t<section class=\"elementor-section elementor-top-section elementor-element elementor-element-28d57153 elementor-section-boxed elementor-section-height-default elementor-section-height-default\" data-id=\"28d57153\" data-element_type=\"section\">\n\t\t\t\t\t\t<div class=\"elementor-container elementor-column-gap-default\">\n\t\t\t\t\t<div class=\"elementor-column elementor-col-100 elementor-top-column elementor-element elementor-element-80c6ad9\" data-id=\"80c6ad9\" data-element_type=\"column\">\n\t\t\t<div class=\"elementor-widget-wrap elementor-element-populated\">\n\t\t\t\t\t\t<div class=\"elementor-element elementor-element-1eb75cfe elementor-widget elementor-widget-heading\" data-id=\"1eb75cfe\" data-element_type=\"widget\" data-widget_type=\"heading.default\">\n\t\t\t\t<div class=\"elementor-widget-container\">\n\t\t\t\t\t<h4 class=\"elementor-heading-title elementor-size-default\">vision<\/h4>\t\t\t\t<\/div>\n\t\t\t\t<\/div>\n\t\t\t\t<div class=\"elementor-element elementor-element-7f7310d0 elementor-widget-mobile__width-initial elementor-widget elementor-widget-heading\" data-id=\"7f7310d0\" data-element_type=\"widget\" data-widget_type=\"heading.default\">\n\t\t\t\t<div class=\"elementor-widget-container\">\n\t\t\t\t\t<h2 class=\"elementor-heading-title elementor-size-default\">Un paso crucial hac\u00eda la Sostenibilidad<\/h2>\t\t\t\t<\/div>\n\t\t\t\t<\/div>\n\t\t\t\t<div class=\"elementor-element elementor-element-61de15b2 elementor-widget elementor-widget-heading\" data-id=\"61de15b2\" data-element_type=\"widget\" data-widget_type=\"heading.default\">\n\t\t\t\t<div class=\"elementor-widget-container\">\n\t\t\t\t\t<h3 class=\"elementor-heading-title elementor-size-default\">Nueva Legislaci\u00f3n en CDMX para captaci\u00f3n de agua de lluvia<\/h3>\t\t\t\t<\/div>\n\t\t\t\t<\/div>\n\t\t\t\t\t<\/div>\n\t\t<\/div>\n\t\t\t\t\t<\/div>\n\t\t<\/section>\n\t\t\t\t<section class=\"elementor-section elementor-top-section elementor-element elementor-element-15d4b7a0 elementor-section-boxed elementor-section-height-default elementor-section-height-default\" data-id=\"15d4b7a0\" data-element_type=\"section\">\n\t\t\t\t\t\t<div class=\"elementor-container elementor-column-gap-default\">\n\t\t\t\t\t<div class=\"elementor-column elementor-col-50 elementor-top-column elementor-element elementor-element-6520eb7e\" data-id=\"6520eb7e\" data-element_type=\"column\">\n\t\t\t<div class=\"elementor-widget-wrap elementor-element-populated\">\n\t\t\t\t\t\t<div class=\"elementor-element elementor-element-1f91959d elementor-widget elementor-widget-image-carousel\" data-id=\"1f91959d\" data-element_type=\"widget\" data-settings=\"{&quot;slides_to_show&quot;:&quot;1&quot;,&quot;navigation&quot;:&quot;none&quot;,&quot;autoplay&quot;:&quot;yes&quot;,&quot;pause_on_hover&quot;:&quot;yes&quot;,&quot;pause_on_interaction&quot;:&quot;yes&quot;,&quot;autoplay_speed&quot;:5000,&quot;infinite&quot;:&quot;yes&quot;,&quot;effect&quot;:&quot;slide&quot;,&quot;speed&quot;:500}\" data-widget_type=\"image-carousel.default\">\n\t\t\t\t<div class=\"elementor-widget-container\">\n\t\t\t\t\t\t\t<div class=\"elementor-image-carousel-wrapper swiper\" role=\"region\" aria-roledescription=\"carousel\" aria-label=\"Carrusel de Im\u00e1genes\" dir=\"ltr\">\n\t\t\t<div class=\"elementor-image-carousel swiper-wrapper\" aria-live=\"off\">\n\t\t\t\t\t\t\t\t<div class=\"swiper-slide\" role=\"group\" aria-roledescription=\"slide\" aria-label=\"1 de 1\"><figure class=\"swiper-slide-inner\"><img decoding=\"async\" class=\"swiper-slide-image\" src=\"https:\/\/camexa-formularios.com\/centro_capacitacion\/wp-content\/uploads\/2024\/05\/agua-1000x529-002.jpg\" alt=\"agua-1000x529 (002)\" \/><\/figure><\/div>\t\t\t<\/div>\n\t\t\t\t\t<\/div>\n\t\t\t\t\t\t<\/div>\n\t\t\t\t<\/div>\n\t\t\t\t\t<\/div>\n\t\t<\/div>\n\t\t\t\t<div class=\"elementor-column elementor-col-50 elementor-top-column elementor-element elementor-element-15db8965\" data-id=\"15db8965\" data-element_type=\"column\">\n\t\t\t<div class=\"elementor-widget-wrap elementor-element-populated\">\n\t\t\t\t\t\t<div class=\"elementor-element elementor-element-2c371bc9 elementor-widget elementor-widget-text-editor\" data-id=\"2c371bc9\" data-element_type=\"widget\" data-widget_type=\"text-editor.default\">\n\t\t\t\t<div class=\"elementor-widget-container\">\n\t\t\t\t\t\t\t\t\t<p>La Ciudad de M\u00e9xico ha dado un importante paso hacia la sostenibilidad con la reciente aprobaci\u00f3n de una <strong>reforma constitucional<\/strong> que ordena la captaci\u00f3n de agua de lluvia. Publicada en la<strong> Gaceta Oficial del Gobierno de la Ciudad de M\u00e9xico<\/strong>, esta iniciativa tiene como objetivo enfrentar la problem\u00e1tica del acceso al agua en la capital. El jefe de Gobierno, Mart\u00ed Batres, destac\u00f3 la trascendencia de esta medida que busca asegurar el <strong>suministro<\/strong> de agua a trav\u00e9s de<strong> sistemas de captaci\u00f3n pluvial.<\/strong><\/p><p>Las escuelas en diversas colonias, como Cuajimalpa y Milpa Alta, ya est\u00e1n poniendo en pr\u00e1ctica esta reforma, instalando<strong> sistemas de captaci\u00f3n <\/strong>de lluvia que servir\u00e1n de ejemplo para otras instituciones y viviendas<strong>.<\/strong> Esta medida es especialmente significativa en \u00e1reas con escasez de agua, proporcionando una soluci\u00f3n pr\u00e1ctica y sostenible.<\/p><p>Diversos actores de la sociedad civil han subrayado tambi\u00e9n la importancia de <strong>extender estas acciones<\/strong> a todas las alcald\u00edas, tanto en edificios p\u00fablicos y privados como en la industria y el comercio. La meta es garantizar que la captaci\u00f3n de agua de lluvia sea una pr\u00e1ctica com\u00fan en toda la ciudad, lo que contribuir\u00e1 a una gesti\u00f3n m\u00e1s equitativa y eficiente del <strong>recurso h\u00eddrico.<\/strong><\/p><h2 class=\"elementor-heading-title elementor-size-default elementor-inline-editing pen\" style=\"font-size: 15px; font-style: normal; font-weight: 400; margin-bottom: 0px; color: #211f40;\" data-elementor-setting-key=\"title\" data-pen-placeholder=\"Teclea aqu\u00ed...\">Este avance legislativo no solo busca resolver problemas inmediatos de acceso al agua, sino tambi\u00e9n fomentar una cultura de uso responsable y sostenible del recurso.<\/h2>\t\t\t\t\t\t\t\t<\/div>\n\t\t\t\t<\/div>\n\t\t\t\t<section class=\"elementor-section elementor-inner-section elementor-element elementor-element-24868f11 elementor-section-height-min-height elementor-section-boxed elementor-section-height-default\" data-id=\"24868f11\" data-element_type=\"section\">\n\t\t\t\t\t\t<div class=\"elementor-container elementor-column-gap-default\">\n\t\t\t\t\t<div class=\"elementor-column elementor-col-100 elementor-inner-column elementor-element elementor-element-6933f83a\" data-id=\"6933f83a\" data-element_type=\"column\" data-settings=\"{&quot;background_background&quot;:&quot;classic&quot;}\">\n\t\t\t<div class=\"elementor-widget-wrap elementor-element-populated\">\n\t\t\t\t\t\t<div class=\"elementor-element elementor-element-62b40f8e elementor-widget elementor-widget-heading\" data-id=\"62b40f8e\" data-element_type=\"widget\" data-widget_type=\"heading.default\">\n\t\t\t\t<div class=\"elementor-widget-container\">\n\t\t\t\t\t<h2 class=\"elementor-heading-title elementor-size-default\">En este contexto, CAMEXA reafirma su compromiso con la promoci\u00f3n de certificaciones que eduquen a las personas e instituciones sobre la gesti\u00f3n adecuada del agua y otros recursos vitales. Estas certificaciones son esenciales para entender y aplicar pr\u00e1cticas sostenibles que aseguren el bienestar y la prosperidad a largo plazo.<\/h2>\t\t\t\t<\/div>\n\t\t\t\t<\/div>\n\t\t\t\t<div class=\"elementor-element elementor-element-e575afc elementor-widget elementor-widget-heading\" data-id=\"e575afc\" data-element_type=\"widget\" data-widget_type=\"heading.default\">\n\t\t\t\t<div class=\"elementor-widget-container\">\n\t\t\t\t\t<h2 class=\"elementor-heading-title elementor-size-default\">#PartnerEnM\u00e9xico<\/h2>\t\t\t\t<\/div>\n\t\t\t\t<\/div>\n\t\t\t\t\t<\/div>\n\t\t<\/div>\n\t\t\t\t\t<\/div>\n\t\t<\/section>\n\t\t\t\t\t<\/div>\n\t\t<\/div>\n\t\t\t\t\t<\/div>\n\t\t<\/section>\n\t\t\t\t<section class=\"elementor-section elementor-top-section elementor-element elementor-element-382a0981 elementor-section-height-min-height elementor-section-boxed elementor-section-height-default elementor-section-items-middle\" data-id=\"382a0981\" data-element_type=\"section\" data-settings=\"{&quot;background_background&quot;:&quot;classic&quot;}\">\n\t\t\t\t\t\t\t<div class=\"elementor-background-overlay\"><\/div>\n\t\t\t\t\t\t\t<div class=\"elementor-container elementor-column-gap-default\">\n\t\t\t\t\t<div class=\"elementor-column elementor-col-100 elementor-top-column elementor-element elementor-element-5101ee81\" data-id=\"5101ee81\" data-element_type=\"column\">\n\t\t\t<div class=\"elementor-widget-wrap elementor-element-populated\">\n\t\t\t\t\t\t<div class=\"elementor-element elementor-element-57ed838e elementor-widget elementor-widget-heading\" data-id=\"57ed838e\" data-element_type=\"widget\" data-widget_type=\"heading.default\">\n\t\t\t\t<div class=\"elementor-widget-container\">\n\t\t\t\t\t<h2 class=\"elementor-heading-title elementor-size-default\">S\u00e9 parte del cambio hac\u00eda un futuro Sostenible<\/h2>\t\t\t\t<\/div>\n\t\t\t\t<\/div>\n\t\t\t\t<div class=\"elementor-element elementor-element-891aa82 elementor-align-center elementor-widget elementor-widget-button\" data-id=\"891aa82\" data-element_type=\"widget\" data-widget_type=\"button.default\">\n\t\t\t\t<div class=\"elementor-widget-container\">\n\t\t\t\t\t\t\t\t\t<div class=\"elementor-button-wrapper\">\n\t\t\t\t\t<a class=\"elementor-button elementor-button-link elementor-size-md\" href=\"https:\/\/camexa-formularios.com\/centro_capacitacion\/news-feed\/\">\n\t\t\t\t\t\t<span class=\"elementor-button-content-wrapper\">\n\t\t\t\t\t\t<span class=\"elementor-button-icon\">\n\t\t\t\t<i aria-hidden=\"true\" class=\"fas fa-long-arrow-alt-right\"><\/i>\t\t\t<\/span>\n\t\t\t\t\t\t\t\t\t<span class=\"elementor-button-text\">Ver m\u00e1s noticias<\/span>\n\t\t\t\t\t<\/span>\n\t\t\t\t\t<\/a>\n\t\t\t\t<\/div>\n\t\t\t\t\t\t\t\t<\/div>\n\t\t\t\t<\/div>\n\t\t\t\t\t<\/div>\n\t\t<\/div>\n\t\t\t\t\t<\/div>\n\t\t<\/section>\n\t\t\t\t<\/div>\n\t\t","protected":false},"excerpt":{"rendered":"<p>Nueva Legislaci\u00f3n en CDMX para Captaci\u00f3n de Agua de Lluvia vision Un paso crucial hac\u00eda la Sostenibilidad Nueva Legislaci\u00f3n en CDMX para captaci\u00f3n de agua de lluvia La Ciudad de M\u00e9xico ha dado un importante paso hacia la sostenibilidad con la reciente aprobaci\u00f3n de una reforma constitucional que ordena la captaci\u00f3n de agua de lluvia. &hellip;<\/p>\n<p class=\"read-more\"> <a class=\"\" href=\"https:\/\/camexa-formularios.com\/centro_capacitacion\/5-noticia\/\"> <span class=\"screen-reader-text\">5. Noticia<\/span> Leer m\u00e1s &raquo;<\/a><\/p>\n","protected":false},"author":1,"featured_media":0,"parent":0,"menu_order":0,"comment_status":"closed","ping_status":"closed","template":"","meta":{"site-sidebar-layout":"no-sidebar","site-content-layout":"","ast-site-content-layout":"full-width-container","site-content-style":"default","site-sidebar-style":"default","ast-global-header-display":"","ast-banner-title-visibility":"","ast-main-header-display":"","ast-hfb-above-header-display":"","ast-hfb-below-header-display":"","ast-hfb-mobile-header-display":"","site-post-title":"disabled","ast-breadcrumbs-content":"","ast-featured-img":"disabled","footer-sml-layout":"","theme-transparent-header-meta":"","adv-header-id-meta":"","stick-header-meta":"","header-above-stick-meta":"","header-main-stick-meta":"","header-below-stick-meta":"","astra-migrate-meta-layouts":"","footnotes":""},"class_list":["post-11102","page","type-page","status-publish","hentry"],"_links":{"self":[{"href":"https:\/\/camexa-formularios.com\/centro_capacitacion\/wp-json\/wp\/v2\/pages\/11102","targetHints":{"allow":["GET"]}}],"collection":[{"href":"https:\/\/camexa-formularios.com\/centro_capacitacion\/wp-json\/wp\/v2\/pages"}],"about":[{"href":"https:\/\/camexa-formularios.com\/centro_capacitacion\/wp-json\/wp\/v2\/types\/page"}],"author":[{"embeddable":true,"href":"https:\/\/camexa-formularios.com\/centro_capacitacion\/wp-json\/wp\/v2\/users\/1"}],"replies":[{"embeddable":true,"href":"https:\/\/camexa-formularios.com\/centro_capacitacion\/wp-json\/wp\/v2\/comments?post=11102"}],"version-history":[{"count":16,"href":"https:\/\/camexa-formularios.com\/centro_capacitacion\/wp-json\/wp\/v2\/pages\/11102\/revisions"}],"predecessor-version":[{"id":11176,"href":"https:\/\/camexa-formularios.com\/centro_capacitacion\/wp-json\/wp\/v2\/pages\/11102\/revisions\/11176"}],"wp:attachment":[{"href":"https:\/\/camexa-formularios.com\/centro_capacitacion\/wp-json\/wp\/v2\/media?parent=11102"}],"curies":[{"name":"wp","href":"https:\/\/api.w.org\/{rel}","templated":true}]}}