{"id":11219,"date":"2024-06-10T17:24:21","date_gmt":"2024-06-10T17:24:21","guid":{"rendered":"https:\/\/camexa-formularios.com\/centro_capacitacion\/?page_id=11219"},"modified":"2024-06-14T02:09:33","modified_gmt":"2024-06-14T02:09:33","slug":"5-noticia-2","status":"publish","type":"page","link":"https:\/\/camexa-formularios.com\/centro_capacitacion\/5-noticia-2\/","title":{"rendered":"6. Noticia"},"content":{"rendered":"\t\t<div data-elementor-type=\"wp-page\" data-elementor-id=\"11219\" class=\"elementor elementor-11219\" data-elementor-post-type=\"page\">\n\t\t\t\t\t\t<section class=\"elementor-section elementor-top-section elementor-element elementor-element-65b996c7 elementor-section-height-min-height elementor-section-boxed elementor-section-height-default elementor-section-items-middle\" data-id=\"65b996c7\" data-element_type=\"section\" data-settings=\"{&quot;background_background&quot;:&quot;classic&quot;}\">\n\t\t\t\t\t\t<div class=\"elementor-container elementor-column-gap-default\">\n\t\t\t\t\t<div class=\"elementor-column elementor-col-100 elementor-top-column elementor-element elementor-element-742193a9\" data-id=\"742193a9\" data-element_type=\"column\">\n\t\t\t<div class=\"elementor-widget-wrap elementor-element-populated\">\n\t\t\t\t\t\t<div class=\"elementor-element elementor-element-78ea8111 elementor-widget elementor-widget-heading\" data-id=\"78ea8111\" data-element_type=\"widget\" data-widget_type=\"heading.default\">\n\t\t\t\t<div class=\"elementor-widget-container\">\n\t\t\t\t\t<h1 class=\"elementor-heading-title elementor-size-default\">Foros de Sostenibilidad: Clave para soluciones contundentes a problemas contempor\u00e1neos<\/h1>\t\t\t\t<\/div>\n\t\t\t\t<\/div>\n\t\t\t\t\t<\/div>\n\t\t<\/div>\n\t\t\t\t\t<\/div>\n\t\t<\/section>\n\t\t\t\t<section class=\"elementor-section elementor-top-section elementor-element elementor-element-75e8ffe4 elementor-section-boxed elementor-section-height-default elementor-section-height-default\" data-id=\"75e8ffe4\" data-element_type=\"section\">\n\t\t\t\t\t\t<div class=\"elementor-container elementor-column-gap-default\">\n\t\t\t\t\t<div class=\"elementor-column elementor-col-100 elementor-top-column elementor-element elementor-element-5fcba766\" data-id=\"5fcba766\" data-element_type=\"column\">\n\t\t\t<div class=\"elementor-widget-wrap elementor-element-populated\">\n\t\t\t\t\t\t<div class=\"elementor-element elementor-element-4e126ccd elementor-widget elementor-widget-heading\" data-id=\"4e126ccd\" data-element_type=\"widget\" data-widget_type=\"heading.default\">\n\t\t\t\t<div class=\"elementor-widget-container\">\n\t\t\t\t\t<h4 class=\"elementor-heading-title elementor-size-default\">vision<\/h4>\t\t\t\t<\/div>\n\t\t\t\t<\/div>\n\t\t\t\t<div class=\"elementor-element elementor-element-69b60b7e elementor-widget elementor-widget-heading\" data-id=\"69b60b7e\" data-element_type=\"widget\" data-widget_type=\"heading.default\">\n\t\t\t\t<div class=\"elementor-widget-container\">\n\t\t\t\t\t<h2 class=\"elementor-heading-title elementor-size-default\">Foros de Sostenibilidad<\/h2>\t\t\t\t<\/div>\n\t\t\t\t<\/div>\n\t\t\t\t<div class=\"elementor-element elementor-element-4b43c76f elementor-widget elementor-widget-heading\" data-id=\"4b43c76f\" data-element_type=\"widget\" data-widget_type=\"heading.default\">\n\t\t\t\t<div class=\"elementor-widget-container\">\n\t\t\t\t\t<h3 class=\"elementor-heading-title elementor-size-default\">Se han convertido en una herramienta fundamental para la discusi\u00f3n, debate y contraste de ideas, permitiendo llegar a soluciones contundentes frente a los desaf\u00edos contempor\u00e1neos.\n<\/h3>\t\t\t\t<\/div>\n\t\t\t\t<\/div>\n\t\t\t\t\t<\/div>\n\t\t<\/div>\n\t\t\t\t\t<\/div>\n\t\t<\/section>\n\t\t\t\t<section class=\"elementor-section elementor-top-section elementor-element elementor-element-581724be elementor-section-boxed elementor-section-height-default elementor-section-height-default\" data-id=\"581724be\" data-element_type=\"section\">\n\t\t\t\t\t\t<div class=\"elementor-container elementor-column-gap-default\">\n\t\t\t\t\t<div class=\"elementor-column elementor-col-50 elementor-top-column elementor-element elementor-element-415a97ab\" data-id=\"415a97ab\" data-element_type=\"column\">\n\t\t\t<div class=\"elementor-widget-wrap elementor-element-populated\">\n\t\t\t\t\t\t<div class=\"elementor-element elementor-element-3bd59ece elementor-widget elementor-widget-image-carousel\" data-id=\"3bd59ece\" data-element_type=\"widget\" data-settings=\"{&quot;slides_to_show&quot;:&quot;1&quot;,&quot;navigation&quot;:&quot;none&quot;,&quot;autoplay&quot;:&quot;yes&quot;,&quot;pause_on_hover&quot;:&quot;yes&quot;,&quot;pause_on_interaction&quot;:&quot;yes&quot;,&quot;autoplay_speed&quot;:5000,&quot;infinite&quot;:&quot;yes&quot;,&quot;effect&quot;:&quot;slide&quot;,&quot;speed&quot;:500}\" data-widget_type=\"image-carousel.default\">\n\t\t\t\t<div class=\"elementor-widget-container\">\n\t\t\t\t\t\t\t<div class=\"elementor-image-carousel-wrapper swiper\" role=\"region\" aria-roledescription=\"carousel\" aria-label=\"Carrusel de Im\u00e1genes\" dir=\"ltr\">\n\t\t\t<div class=\"elementor-image-carousel swiper-wrapper\" aria-live=\"off\">\n\t\t\t\t\t\t\t\t<div class=\"swiper-slide\" role=\"group\" aria-roledescription=\"slide\" aria-label=\"1 de 1\"><figure class=\"swiper-slide-inner\"><img decoding=\"async\" class=\"swiper-slide-image\" src=\"\" alt=\"\" \/><\/figure><\/div>\t\t\t<\/div>\n\t\t\t\t\t<\/div>\n\t\t\t\t\t\t<\/div>\n\t\t\t\t<\/div>\n\t\t\t\t<div class=\"elementor-element elementor-element-a1a9270 elementor-widget elementor-widget-image\" data-id=\"a1a9270\" data-element_type=\"widget\" data-widget_type=\"image.default\">\n\t\t\t\t<div class=\"elementor-widget-container\">\n\t\t\t\t\t\t\t\t\t\t\t\t\t\t\t<img fetchpriority=\"high\" decoding=\"async\" width=\"1024\" height=\"565\" src=\"https:\/\/camexa-formularios.com\/centro_capacitacion\/wp-content\/uploads\/2024\/06\/Foros-de-Sostenibilidad-1-e1720455873295-1024x565.jpg\" class=\"attachment-large size-large wp-image-11222\" alt=\"\" srcset=\"https:\/\/camexa-formularios.com\/centro_capacitacion\/wp-content\/uploads\/2024\/06\/Foros-de-Sostenibilidad-1-e1720455873295-1024x565.jpg 1024w, https:\/\/camexa-formularios.com\/centro_capacitacion\/wp-content\/uploads\/2024\/06\/Foros-de-Sostenibilidad-1-e1720455873295-300x166.jpg 300w, https:\/\/camexa-formularios.com\/centro_capacitacion\/wp-content\/uploads\/2024\/06\/Foros-de-Sostenibilidad-1-e1720455873295-768x424.jpg 768w, https:\/\/camexa-formularios.com\/centro_capacitacion\/wp-content\/uploads\/2024\/06\/Foros-de-Sostenibilidad-1-e1720455873295-1536x848.jpg 1536w, https:\/\/camexa-formularios.com\/centro_capacitacion\/wp-content\/uploads\/2024\/06\/Foros-de-Sostenibilidad-1-e1720455873295.jpg 1812w\" sizes=\"(max-width: 1024px) 100vw, 1024px\" \/>\t\t\t\t\t\t\t\t\t\t\t\t\t\t\t<\/div>\n\t\t\t\t<\/div>\n\t\t\t\t\t<\/div>\n\t\t<\/div>\n\t\t\t\t<div class=\"elementor-column elementor-col-50 elementor-top-column elementor-element elementor-element-36f52cd2\" data-id=\"36f52cd2\" data-element_type=\"column\">\n\t\t\t<div class=\"elementor-widget-wrap elementor-element-populated\">\n\t\t\t\t\t\t<div class=\"elementor-element elementor-element-11ddf2e4 elementor-widget elementor-widget-text-editor\" data-id=\"11ddf2e4\" data-element_type=\"widget\" data-widget_type=\"text-editor.default\">\n\t\t\t\t<div class=\"elementor-widget-container\">\n\t\t\t\t\t\t\t\t\t<p>Estos espacios re\u00fanen a<span style=\"color: #000080;\"><strong> expertos,<\/strong><\/span> <strong><span style=\"color: #000080;\">organizaciones y ciudadanos<\/span><\/strong> interesados en construir un futuro m\u00e1s sostenible, <span style=\"color: #000080;\"><strong>fomentando un intercambio de conocimientos<\/strong><\/span> y experiencias crucial para la innovaci\u00f3n y el progreso en temas ambientales, sociales y econ\u00f3micos.<\/p>\n<p>La C\u00e1mara Mexicano-Alemana de Comercio e Industria (CAMEXA) ha demostrado un firme compromiso con esta causa, participando&nbsp; activamente en la creaci\u00f3n y promoci\u00f3n de estos foros desde hace varios a\u00f1os. A trav\u00e9s de sus iniciativas, CAMEXA busca difundir la sostenibilidad en la sociedad mexicana, promoviendo pr\u00e1cticas responsables y sostenibles entre empresa y comunidades.<\/p>\n<p>CAMEXA est\u00e1 pr\u00f3ximo a organizar un <strong><span style=\"color: #000080;\">foro el 11 de junio en el marco del D\u00eda de la Tierra.<\/span><\/strong> En conjunto con <span style=\"color: #000080;\"><strong>MitigaCO2<\/strong><\/span>, se organizan charlas y actividades din\u00e1mica para que la gente aprenda sobre varios temas, entre los que se incluyen: Sostenibilidad en Empresas, D\u00eda Ambiental y Sostenibilidad en el Sector Privado, Energ\u00eda Renovable.<\/p>\n<p>Este evento promete ser una excelente oportunidad para que individuos y organizaciones se conecten, compartan conocimientos y colaboren en la creaci\u00f3n de un futuro m\u00e1s sostenible para todos. La participaci\u00f3n de estos foros es un paso crucial para construir un tejido social m\u00e1s fuerte y resiliente, capaz de enfrentar los desaf\u00edos ambientales y sociales que se avecinan.<\/p>\t\t\t\t\t\t\t\t<\/div>\n\t\t\t\t<\/div>\n\t\t\t\t<section class=\"elementor-section elementor-inner-section elementor-element elementor-element-5e3eb97c elementor-section-height-min-height elementor-section-boxed elementor-section-height-default\" data-id=\"5e3eb97c\" data-element_type=\"section\">\n\t\t\t\t\t\t<div class=\"elementor-container elementor-column-gap-default\">\n\t\t\t\t\t<div class=\"elementor-column elementor-col-100 elementor-inner-column elementor-element elementor-element-56d05475\" data-id=\"56d05475\" data-element_type=\"column\" data-settings=\"{&quot;background_background&quot;:&quot;classic&quot;}\">\n\t\t\t<div class=\"elementor-widget-wrap elementor-element-populated\">\n\t\t\t\t\t\t<div class=\"elementor-element elementor-element-3e3de149 elementor-widget elementor-widget-heading\" data-id=\"3e3de149\" data-element_type=\"widget\" data-widget_type=\"heading.default\">\n\t\t\t\t<div class=\"elementor-widget-container\">\n\t\t\t\t\t<h2 class=\"elementor-heading-title elementor-size-default\">Para lograr una sociedad mejor, es esencial que la ciudadan\u00eda se informa y participe activamente en eventos que buscan mejorar el pa\u00eds y sus comunidades. La participaci\u00f3n en foros de sostenibilidad no solo enriquece el conocimiento individual, sino que tambi\u00e9n fortalece el tejido social, impulsando cambios positivos y duraderos.<\/h2>\t\t\t\t<\/div>\n\t\t\t\t<\/div>\n\t\t\t\t<div class=\"elementor-element elementor-element-784bd595 elementor-widget elementor-widget-heading\" data-id=\"784bd595\" data-element_type=\"widget\" data-widget_type=\"heading.default\">\n\t\t\t\t<div class=\"elementor-widget-container\">\n\t\t\t\t\t<h2 class=\"elementor-heading-title elementor-size-default\">#PartnerEnM\u00e9xico<\/h2>\t\t\t\t<\/div>\n\t\t\t\t<\/div>\n\t\t\t\t\t<\/div>\n\t\t<\/div>\n\t\t\t\t\t<\/div>\n\t\t<\/section>\n\t\t\t\t\t<\/div>\n\t\t<\/div>\n\t\t\t\t\t<\/div>\n\t\t<\/section>\n\t\t\t\t<section class=\"elementor-section elementor-top-section elementor-element elementor-element-55313ea2 elementor-section-height-min-height elementor-section-boxed elementor-section-height-default elementor-section-items-middle\" data-id=\"55313ea2\" data-element_type=\"section\" data-settings=\"{&quot;background_background&quot;:&quot;classic&quot;}\">\n\t\t\t\t\t\t\t<div class=\"elementor-background-overlay\"><\/div>\n\t\t\t\t\t\t\t<div class=\"elementor-container elementor-column-gap-default\">\n\t\t\t\t\t<div class=\"elementor-column elementor-col-100 elementor-top-column elementor-element elementor-element-40736363\" data-id=\"40736363\" data-element_type=\"column\">\n\t\t\t<div class=\"elementor-widget-wrap elementor-element-populated\">\n\t\t\t\t\t\t<div class=\"elementor-element elementor-element-5ea85a1a elementor-widget elementor-widget-heading\" data-id=\"5ea85a1a\" data-element_type=\"widget\" data-widget_type=\"heading.default\">\n\t\t\t\t<div class=\"elementor-widget-container\">\n\t\t\t\t\t<h2 class=\"elementor-heading-title elementor-size-default\">S\u00e9 parte del cambio hac\u00eda un futuro Sostenible<\/h2>\t\t\t\t<\/div>\n\t\t\t\t<\/div>\n\t\t\t\t<div class=\"elementor-element elementor-element-63578f77 elementor-align-center elementor-widget elementor-widget-button\" data-id=\"63578f77\" data-element_type=\"widget\" data-widget_type=\"button.default\">\n\t\t\t\t<div class=\"elementor-widget-container\">\n\t\t\t\t\t\t\t\t\t<div class=\"elementor-button-wrapper\">\n\t\t\t\t\t<a class=\"elementor-button elementor-button-link elementor-size-md\" href=\"https:\/\/camexa-formularios.com\/centro_capacitacion\/news-feed\/\">\n\t\t\t\t\t\t<span class=\"elementor-button-content-wrapper\">\n\t\t\t\t\t\t<span class=\"elementor-button-icon\">\n\t\t\t\t<i aria-hidden=\"true\" class=\"fas fa-long-arrow-alt-right\"><\/i>\t\t\t<\/span>\n\t\t\t\t\t\t\t\t\t<span class=\"elementor-button-text\">Ver m\u00e1s noticias<\/span>\n\t\t\t\t\t<\/span>\n\t\t\t\t\t<\/a>\n\t\t\t\t<\/div>\n\t\t\t\t\t\t\t\t<\/div>\n\t\t\t\t<\/div>\n\t\t\t\t\t<\/div>\n\t\t<\/div>\n\t\t\t\t\t<\/div>\n\t\t<\/section>\n\t\t\t\t<\/div>\n\t\t","protected":false},"excerpt":{"rendered":"<p>Foros de Sostenibilidad: Clave para soluciones contundentes a problemas contempor\u00e1neos vision Foros de Sostenibilidad Se han convertido en una herramienta fundamental para la discusi\u00f3n, debate y contraste de ideas, permitiendo llegar a soluciones contundentes frente a los desaf\u00edos contempor\u00e1neos. Estos espacios re\u00fanen a expertos, organizaciones y ciudadanos interesados en construir un futuro m\u00e1s sostenible, fomentando &hellip;<\/p>\n<p class=\"read-more\"> <a class=\"\" href=\"https:\/\/camexa-formularios.com\/centro_capacitacion\/5-noticia-2\/\"> <span class=\"screen-reader-text\">6. Noticia<\/span> Leer m\u00e1s &raquo;<\/a><\/p>\n","protected":false},"author":1,"featured_media":0,"parent":0,"menu_order":0,"comment_status":"closed","ping_status":"closed","template":"","meta":{"site-sidebar-layout":"no-sidebar","site-content-layout":"","ast-site-content-layout":"full-width-container","site-content-style":"default","site-sidebar-style":"default","ast-global-header-display":"","ast-banner-title-visibility":"","ast-main-header-display":"","ast-hfb-above-header-display":"","ast-hfb-below-header-display":"","ast-hfb-mobile-header-display":"","site-post-title":"disabled","ast-breadcrumbs-content":"","ast-featured-img":"disabled","footer-sml-layout":"","theme-transparent-header-meta":"","adv-header-id-meta":"","stick-header-meta":"","header-above-stick-meta":"","header-main-stick-meta":"","header-below-stick-meta":"","astra-migrate-meta-layouts":"","footnotes":""},"class_list":["post-11219","page","type-page","status-publish","hentry"],"_links":{"self":[{"href":"https:\/\/camexa-formularios.com\/centro_capacitacion\/wp-json\/wp\/v2\/pages\/11219","targetHints":{"allow":["GET"]}}],"collection":[{"href":"https:\/\/camexa-formularios.com\/centro_capacitacion\/wp-json\/wp\/v2\/pages"}],"about":[{"href":"https:\/\/camexa-formularios.com\/centro_capacitacion\/wp-json\/wp\/v2\/types\/page"}],"author":[{"embeddable":true,"href":"https:\/\/camexa-formularios.com\/centro_capacitacion\/wp-json\/wp\/v2\/users\/1"}],"replies":[{"embeddable":true,"href":"https:\/\/camexa-formularios.com\/centro_capacitacion\/wp-json\/wp\/v2\/comments?post=11219"}],"version-history":[{"count":35,"href":"https:\/\/camexa-formularios.com\/centro_capacitacion\/wp-json\/wp\/v2\/pages\/11219\/revisions"}],"predecessor-version":[{"id":11323,"href":"https:\/\/camexa-formularios.com\/centro_capacitacion\/wp-json\/wp\/v2\/pages\/11219\/revisions\/11323"}],"wp:attachment":[{"href":"https:\/\/camexa-formularios.com\/centro_capacitacion\/wp-json\/wp\/v2\/media?parent=11219"}],"curies":[{"name":"wp","href":"https:\/\/api.w.org\/{rel}","templated":true}]}}