{"id":11352,"date":"2024-06-25T16:16:09","date_gmt":"2024-06-25T16:16:09","guid":{"rendered":"https:\/\/camexa-formularios.com\/centro_capacitacion\/?page_id=11352"},"modified":"2024-06-26T20:26:13","modified_gmt":"2024-06-26T20:26:13","slug":"9-noticia","status":"publish","type":"page","link":"https:\/\/camexa-formularios.com\/centro_capacitacion\/9-noticia\/","title":{"rendered":"8. Noticia"},"content":{"rendered":"\t\t<div data-elementor-type=\"wp-page\" data-elementor-id=\"11352\" class=\"elementor elementor-11352\" data-elementor-post-type=\"page\">\n\t\t\t\t\t\t<section class=\"elementor-section elementor-top-section elementor-element elementor-element-679e63fe elementor-section-height-min-height elementor-section-boxed elementor-section-height-default elementor-section-items-middle\" data-id=\"679e63fe\" data-element_type=\"section\" data-settings=\"{&quot;background_background&quot;:&quot;classic&quot;}\">\n\t\t\t\t\t\t<div class=\"elementor-container elementor-column-gap-default\">\n\t\t\t\t\t<div class=\"elementor-column elementor-col-100 elementor-top-column elementor-element elementor-element-39f6ce65\" data-id=\"39f6ce65\" data-element_type=\"column\">\n\t\t\t<div class=\"elementor-widget-wrap elementor-element-populated\">\n\t\t\t\t\t\t<div class=\"elementor-element elementor-element-5ceda165 elementor-widget elementor-widget-heading\" data-id=\"5ceda165\" data-element_type=\"widget\" data-widget_type=\"heading.default\">\n\t\t\t\t<div class=\"elementor-widget-container\">\n\t\t\t\t\t<h1 class=\"elementor-heading-title elementor-size-default\">Lluvias en Monterrey ponen a prueba la Responsabilidad Ambiental<\/h1>\t\t\t\t<\/div>\n\t\t\t\t<\/div>\n\t\t\t\t\t<\/div>\n\t\t<\/div>\n\t\t\t\t\t<\/div>\n\t\t<\/section>\n\t\t\t\t<section class=\"elementor-section elementor-top-section elementor-element elementor-element-697cd677 elementor-section-boxed elementor-section-height-default elementor-section-height-default\" data-id=\"697cd677\" data-element_type=\"section\">\n\t\t\t\t\t\t<div class=\"elementor-container elementor-column-gap-default\">\n\t\t\t\t\t<div class=\"elementor-column elementor-col-100 elementor-top-column elementor-element elementor-element-3f56bf4d\" data-id=\"3f56bf4d\" data-element_type=\"column\">\n\t\t\t<div class=\"elementor-widget-wrap elementor-element-populated\">\n\t\t\t\t\t\t<div class=\"elementor-element elementor-element-4f38ed69 elementor-widget elementor-widget-heading\" data-id=\"4f38ed69\" data-element_type=\"widget\" data-widget_type=\"heading.default\">\n\t\t\t\t<div class=\"elementor-widget-container\">\n\t\t\t\t\t<h4 class=\"elementor-heading-title elementor-size-default\">visi\u00f3n<\/h4>\t\t\t\t<\/div>\n\t\t\t\t<\/div>\n\t\t\t\t<div class=\"elementor-element elementor-element-38127ff7 elementor-widget elementor-widget-heading\" data-id=\"38127ff7\" data-element_type=\"widget\" data-widget_type=\"heading.default\">\n\t\t\t\t<div class=\"elementor-widget-container\">\n\t\t\t\t\t<h2 class=\"elementor-heading-title elementor-size-default\">Recientes lluvias han causado da\u00f1os significativos en la infraestructura de la ciudad<\/h2>\t\t\t\t<\/div>\n\t\t\t\t<\/div>\n\t\t\t\t<div class=\"elementor-element elementor-element-2fba97ea elementor-widget__width-initial elementor-widget-mobile__width-initial elementor-widget elementor-widget-heading\" data-id=\"2fba97ea\" data-element_type=\"widget\" data-widget_type=\"heading.default\">\n\t\t\t\t<div class=\"elementor-widget-container\">\n\t\t\t\t\t<h3 class=\"elementor-heading-title elementor-size-default\"> La Comisi\u00f3n Nacional del Agua (CONAGUA) ha advertido sobre la posibilidad de m\u00e1s lluvias en los pr\u00f3ximos d\u00edas, lo que podr\u00eda agravar la situaci\u00f3n.<\/h3>\t\t\t\t<\/div>\n\t\t\t\t<\/div>\n\t\t\t\t\t<\/div>\n\t\t<\/div>\n\t\t\t\t\t<\/div>\n\t\t<\/section>\n\t\t\t\t<section class=\"elementor-section elementor-top-section elementor-element elementor-element-6a0147c5 elementor-section-boxed elementor-section-height-default elementor-section-height-default\" data-id=\"6a0147c5\" data-element_type=\"section\">\n\t\t\t\t\t\t<div class=\"elementor-container elementor-column-gap-default\">\n\t\t\t\t\t<div class=\"elementor-column elementor-col-50 elementor-top-column elementor-element elementor-element-7ea84e84\" data-id=\"7ea84e84\" data-element_type=\"column\">\n\t\t\t<div class=\"elementor-widget-wrap elementor-element-populated\">\n\t\t\t\t\t\t<div class=\"elementor-element elementor-element-610bef60 elementor-invisible elementor-widget elementor-widget-image-carousel\" data-id=\"610bef60\" data-element_type=\"widget\" data-settings=\"{&quot;slides_to_show&quot;:&quot;1&quot;,&quot;navigation&quot;:&quot;none&quot;,&quot;_animation&quot;:&quot;fadeIn&quot;,&quot;autoplay&quot;:&quot;yes&quot;,&quot;pause_on_hover&quot;:&quot;yes&quot;,&quot;pause_on_interaction&quot;:&quot;yes&quot;,&quot;autoplay_speed&quot;:5000,&quot;infinite&quot;:&quot;yes&quot;,&quot;effect&quot;:&quot;slide&quot;,&quot;speed&quot;:500}\" data-widget_type=\"image-carousel.default\">\n\t\t\t\t<div class=\"elementor-widget-container\">\n\t\t\t\t\t\t\t<div class=\"elementor-image-carousel-wrapper swiper\" role=\"region\" aria-roledescription=\"carousel\" aria-label=\"Carrusel de Im\u00e1genes\" dir=\"ltr\">\n\t\t\t<div class=\"elementor-image-carousel swiper-wrapper\" aria-live=\"off\">\n\t\t\t\t\t\t\t\t<div class=\"swiper-slide\" role=\"group\" aria-roledescription=\"slide\" aria-label=\"1 de 1\"><figure class=\"swiper-slide-inner\"><img decoding=\"async\" class=\"swiper-slide-image\" src=\"https:\/\/camexa-formularios.com\/centro_capacitacion\/wp-content\/uploads\/2024\/06\/ImageTransformer.jpg\" alt=\"0\n\t0\n\t\n\t0\n\t\n\t0\n\t\n\t0\n\t\n\t0\n\t\n\t\n\t\n\t\n\t\n\t\n\t\n\t0\n\t6\/20\/2024 7:49:46 AM\n\t0\n\t1\n\t0\n\t0\n\t0\n\t0\n\t0\n\t0\n\t0\n\t1\n\t\n\t\n\t0\n\t\n\t433\n\t217\" \/><\/figure><\/div>\t\t\t<\/div>\n\t\t\t\t\t<\/div>\n\t\t\t\t\t\t<\/div>\n\t\t\t\t<\/div>\n\t\t\t\t<div class=\"elementor-element elementor-element-5dfc3783 elementor-widget elementor-widget-text-editor\" data-id=\"5dfc3783\" data-element_type=\"widget\" data-widget_type=\"text-editor.default\">\n\t\t\t\t<div class=\"elementor-widget-container\">\n\t\t\t\t\t\t\t\t\t<p>junio. 2024<\/p>\t\t\t\t\t\t\t\t<\/div>\n\t\t\t\t<\/div>\n\t\t\t\t<div class=\"elementor-element elementor-element-e48e4ac elementor-widget elementor-widget-text-editor\" data-id=\"e48e4ac\" data-element_type=\"widget\" data-widget_type=\"text-editor.default\">\n\t\t\t\t<div class=\"elementor-widget-container\">\n\t\t\t\t\t\t\t\t\t<p>Ante esto, la C\u00e1mara Mexicano &#8211; Alemana de Comercio e Industria (CAMEXA) expresa su gran preocupaci\u00f3n y reafirma su compromiso con la sostenibilidad ambiental. La C\u00e1mara reconoce que estos<span style=\"color: #333333;\"> fen\u00f3menos clim\u00e1ticos<\/span> m\u00e1s extremos son consecuencia del <span style=\"color: #333333;\">cambio clim\u00e1tico <\/span>y que es necesario tomar medidas urgentes para reducir sus efectos.<\/p>\t\t\t\t\t\t\t\t<\/div>\n\t\t\t\t<\/div>\n\t\t\t\t\t<\/div>\n\t\t<\/div>\n\t\t\t\t<div class=\"elementor-column elementor-col-50 elementor-top-column elementor-element elementor-element-51827301\" data-id=\"51827301\" data-element_type=\"column\">\n\t\t\t<div class=\"elementor-widget-wrap elementor-element-populated\">\n\t\t\t\t\t\t<div class=\"elementor-element elementor-element-58e81748 elementor-widget elementor-widget-text-editor\" data-id=\"58e81748\" data-element_type=\"widget\" data-widget_type=\"text-editor.default\">\n\t\t\t\t<div class=\"elementor-widget-container\">\n\t\t\t\t\t\t\t\t\t<p>Desde CAMEXA hacemos un llamado a las autoridades y a la sociedad en general para trabajar juntos en la implementaci\u00f3n de planes sostenibles que reduzcan la vulnerabilidad de Monterrey y otras regiones ante las afectaciones.\u00a0A<span style=\"font-style: inherit; font-weight: inherit; background-color: var(--ast-global-color-5);\">lgunos de estos planes incluyen:<\/span><\/p><p><span style=\"color: #003366;\"><strong>Sistemas de captaci\u00f3n de agua de lluvia:<\/strong> <\/span>Estos sistemas permiten recolectar agua de lluvia para su uso en el riego de jardines, el lavado de autos o incluso para el consumo humano.<\/p><p><span style=\"color: #003366;\"><strong>Mejorar la infraestructura de drenaje:<\/strong><\/span> Es necesario invertir en la construcci\u00f3n y mantenimiento de <span style=\"color: #000000;\">sistemas<\/span> de drenaje m\u00e1s eficientes que puedan manejar grandes vol\u00famenes de agua.<\/p><p><span style=\"color: #003366;\"><strong>Promover la reforestaci\u00f3n:<\/strong> <\/span>Los \u00e1rboles y otras plantas ayudan a absorber el agua de lluvia y reducir el riesgo de inundaciones.<\/p><p><span style=\"color: #003366;\"><strong>Implementar pr\u00e1cticas de construcci\u00f3n sostenibles:<\/strong> <\/span>Las<span style=\"color: #000000;\"> nuevas construcciones<\/span> deben dise\u00f1arse para ser m\u00e1s resistentes a las inundaciones y utilizar materiales ecol\u00f3gicos.<\/p><p><span style=\"color: #003366;\"><strong>Crear conciencia sobre la importancia de la sostenibilidad ambiental:<\/strong><\/span> Es fundamental educar a la poblaci\u00f3n sobre la importancia de cuidar el medio ambiente y adoptar pr\u00e1cticas sostenibles en su vida cotidiana.<\/p>\t\t\t\t\t\t\t\t<\/div>\n\t\t\t\t<\/div>\n\t\t\t\t<section class=\"elementor-section elementor-inner-section elementor-element elementor-element-67e298ea elementor-section-height-min-height elementor-section-boxed elementor-section-height-default\" data-id=\"67e298ea\" data-element_type=\"section\">\n\t\t\t\t\t\t<div class=\"elementor-container elementor-column-gap-default\">\n\t\t\t\t\t<div class=\"elementor-column elementor-col-100 elementor-inner-column elementor-element elementor-element-1ba74cc7\" data-id=\"1ba74cc7\" data-element_type=\"column\" data-settings=\"{&quot;background_background&quot;:&quot;classic&quot;}\">\n\t\t\t<div class=\"elementor-widget-wrap elementor-element-populated\">\n\t\t\t\t\t\t<div class=\"elementor-element elementor-element-720be8db elementor-widget elementor-widget-heading\" data-id=\"720be8db\" data-element_type=\"widget\" data-widget_type=\"heading.default\">\n\t\t\t\t<div class=\"elementor-widget-container\">\n\t\t\t\t\t<h2 class=\"elementor-heading-title elementor-size-default\">En CAMEXA estamos convencidos de que solo trabajando juntos podremos construir un futuro m\u00e1s sostenible para Monterrey y para todo M\u00e9xico. Con estos planes, varias regiones de M\u00e9xico podr\u00e1n estar mejor preparadas ante los eventos clim\u00e1ticos que cada vez son m\u00e1s extremos y cambiantes. No dejemos de prestar atenci\u00f3n a temas cada vez m\u00e1s palpables como el cambio clim\u00e1tico, creemos conciencia y, sobre todo, tomemos acci\u00f3n con apego a pr\u00e1cticas sostenibles.<\/h2>\t\t\t\t<\/div>\n\t\t\t\t<\/div>\n\t\t\t\t<div class=\"elementor-element elementor-element-58d56e1e elementor-widget elementor-widget-heading\" data-id=\"58d56e1e\" data-element_type=\"widget\" data-widget_type=\"heading.default\">\n\t\t\t\t<div class=\"elementor-widget-container\">\n\t\t\t\t\t<h2 class=\"elementor-heading-title elementor-size-default\">#PartnerEnM\u00e9xico<\/h2>\t\t\t\t<\/div>\n\t\t\t\t<\/div>\n\t\t\t\t\t<\/div>\n\t\t<\/div>\n\t\t\t\t\t<\/div>\n\t\t<\/section>\n\t\t\t\t\t<\/div>\n\t\t<\/div>\n\t\t\t\t\t<\/div>\n\t\t<\/section>\n\t\t\t\t<section class=\"elementor-section elementor-top-section elementor-element elementor-element-2875eeb0 elementor-section-height-min-height elementor-section-boxed elementor-section-height-default elementor-section-items-middle\" data-id=\"2875eeb0\" data-element_type=\"section\" data-settings=\"{&quot;background_background&quot;:&quot;classic&quot;}\">\n\t\t\t\t\t\t\t<div class=\"elementor-background-overlay\"><\/div>\n\t\t\t\t\t\t\t<div class=\"elementor-container elementor-column-gap-default\">\n\t\t\t\t\t<div class=\"elementor-column elementor-col-100 elementor-top-column elementor-element elementor-element-3ac77634\" data-id=\"3ac77634\" data-element_type=\"column\">\n\t\t\t<div class=\"elementor-widget-wrap elementor-element-populated\">\n\t\t\t\t\t\t<div class=\"elementor-element elementor-element-73fa0891 elementor-widget elementor-widget-heading\" data-id=\"73fa0891\" data-element_type=\"widget\" data-widget_type=\"heading.default\">\n\t\t\t\t<div class=\"elementor-widget-container\">\n\t\t\t\t\t<h2 class=\"elementor-heading-title elementor-size-default\">S\u00e9 parte del cambio hac\u00eda un futuro Sostenible<\/h2>\t\t\t\t<\/div>\n\t\t\t\t<\/div>\n\t\t\t\t<div class=\"elementor-element elementor-element-a97fe1d elementor-align-center elementor-widget elementor-widget-button\" data-id=\"a97fe1d\" data-element_type=\"widget\" data-widget_type=\"button.default\">\n\t\t\t\t<div class=\"elementor-widget-container\">\n\t\t\t\t\t\t\t\t\t<div class=\"elementor-button-wrapper\">\n\t\t\t\t\t<a class=\"elementor-button elementor-button-link elementor-size-md\" href=\"https:\/\/camexa-formularios.com\/centro_capacitacion\/news-feed\/\">\n\t\t\t\t\t\t<span class=\"elementor-button-content-wrapper\">\n\t\t\t\t\t\t<span class=\"elementor-button-icon\">\n\t\t\t\t<i aria-hidden=\"true\" class=\"fas fa-long-arrow-alt-right\"><\/i>\t\t\t<\/span>\n\t\t\t\t\t\t\t\t\t<span class=\"elementor-button-text\">Ver m\u00e1s noticias<\/span>\n\t\t\t\t\t<\/span>\n\t\t\t\t\t<\/a>\n\t\t\t\t<\/div>\n\t\t\t\t\t\t\t\t<\/div>\n\t\t\t\t<\/div>\n\t\t\t\t\t<\/div>\n\t\t<\/div>\n\t\t\t\t\t<\/div>\n\t\t<\/section>\n\t\t\t\t<\/div>\n\t\t","protected":false},"excerpt":{"rendered":"<p>Lluvias en Monterrey ponen a prueba la Responsabilidad Ambiental visi\u00f3n Recientes lluvias han causado da\u00f1os significativos en la infraestructura de la ciudad La Comisi\u00f3n Nacional del Agua (CONAGUA) ha advertido sobre la posibilidad de m\u00e1s lluvias en los pr\u00f3ximos d\u00edas, lo que podr\u00eda agravar la situaci\u00f3n. junio. 2024 Ante esto, la C\u00e1mara Mexicano &#8211; Alemana &hellip;<\/p>\n<p class=\"read-more\"> <a class=\"\" href=\"https:\/\/camexa-formularios.com\/centro_capacitacion\/9-noticia\/\"> <span class=\"screen-reader-text\">8. Noticia<\/span> Leer m\u00e1s &raquo;<\/a><\/p>\n","protected":false},"author":1,"featured_media":0,"parent":0,"menu_order":0,"comment_status":"closed","ping_status":"closed","template":"","meta":{"site-sidebar-layout":"no-sidebar","site-content-layout":"","ast-site-content-layout":"full-width-container","site-content-style":"default","site-sidebar-style":"default","ast-global-header-display":"","ast-banner-title-visibility":"","ast-main-header-display":"","ast-hfb-above-header-display":"","ast-hfb-below-header-display":"","ast-hfb-mobile-header-display":"","site-post-title":"disabled","ast-breadcrumbs-content":"","ast-featured-img":"disabled","footer-sml-layout":"","theme-transparent-header-meta":"","adv-header-id-meta":"","stick-header-meta":"","header-above-stick-meta":"","header-main-stick-meta":"","header-below-stick-meta":"","astra-migrate-meta-layouts":"","footnotes":""},"class_list":["post-11352","page","type-page","status-publish","hentry"],"_links":{"self":[{"href":"https:\/\/camexa-formularios.com\/centro_capacitacion\/wp-json\/wp\/v2\/pages\/11352","targetHints":{"allow":["GET"]}}],"collection":[{"href":"https:\/\/camexa-formularios.com\/centro_capacitacion\/wp-json\/wp\/v2\/pages"}],"about":[{"href":"https:\/\/camexa-formularios.com\/centro_capacitacion\/wp-json\/wp\/v2\/types\/page"}],"author":[{"embeddable":true,"href":"https:\/\/camexa-formularios.com\/centro_capacitacion\/wp-json\/wp\/v2\/users\/1"}],"replies":[{"embeddable":true,"href":"https:\/\/camexa-formularios.com\/centro_capacitacion\/wp-json\/wp\/v2\/comments?post=11352"}],"version-history":[{"count":83,"href":"https:\/\/camexa-formularios.com\/centro_capacitacion\/wp-json\/wp\/v2\/pages\/11352\/revisions"}],"predecessor-version":[{"id":11512,"href":"https:\/\/camexa-formularios.com\/centro_capacitacion\/wp-json\/wp\/v2\/pages\/11352\/revisions\/11512"}],"wp:attachment":[{"href":"https:\/\/camexa-formularios.com\/centro_capacitacion\/wp-json\/wp\/v2\/media?parent=11352"}],"curies":[{"name":"wp","href":"https:\/\/api.w.org\/{rel}","templated":true}]}}