{"id":15713,"date":"2025-09-01T18:20:51","date_gmt":"2025-09-01T18:20:51","guid":{"rendered":"https:\/\/camexa-formularios.com\/centro_capacitacion\/?page_id=15713"},"modified":"2025-12-19T20:49:20","modified_gmt":"2025-12-19T20:49:20","slug":"ds-gestion-de-la-sostenibilidad-en-la-empresa","status":"publish","type":"page","link":"https:\/\/camexa-formularios.com\/centro_capacitacion\/ds-gestion-de-la-sostenibilidad-en-la-empresa\/","title":{"rendered":"DS. Curso Energ\u00eda T\u00e9rmica"},"content":{"rendered":"\t\t<div data-elementor-type=\"wp-page\" data-elementor-id=\"15713\" class=\"elementor elementor-15713\" data-elementor-post-type=\"page\">\n\t\t\t\t\t\t<section class=\"elementor-section elementor-top-section elementor-element elementor-element-a6e0367 elementor-section-boxed elementor-section-height-default elementor-section-height-default\" data-id=\"a6e0367\" data-element_type=\"section\">\n\t\t\t\t\t\t<div class=\"elementor-container elementor-column-gap-default\">\n\t\t\t\t\t<div class=\"elementor-column elementor-col-100 elementor-top-column elementor-element elementor-element-9c12058\" data-id=\"9c12058\" data-element_type=\"column\">\n\t\t\t<div class=\"elementor-widget-wrap\">\n\t\t\t\t\t\t\t<\/div>\n\t\t<\/div>\n\t\t\t\t\t<\/div>\n\t\t<\/section>\n\t\t\t\t<section class=\"elementor-section elementor-top-section elementor-element elementor-element-657fd135 elementor-section-boxed elementor-section-height-default elementor-section-height-default\" data-id=\"657fd135\" data-element_type=\"section\">\n\t\t\t\t\t\t<div class=\"elementor-container elementor-column-gap-default\">\n\t\t\t\t\t<div class=\"elementor-column elementor-col-50 elementor-top-column elementor-element elementor-element-5c2cd8db\" data-id=\"5c2cd8db\" data-element_type=\"column\">\n\t\t\t<div class=\"elementor-widget-wrap elementor-element-populated\">\n\t\t\t\t\t\t<div class=\"elementor-element elementor-element-579aa9f0 elementor-widget-mobile__width-initial elementor-widget__width-initial elementor-widget elementor-widget-image\" data-id=\"579aa9f0\" data-element_type=\"widget\" data-widget_type=\"image.default\">\n\t\t\t\t<div class=\"elementor-widget-container\">\n\t\t\t\t\t\t\t\t\t\t\t\t\t\t\t<img decoding=\"async\" width=\"300\" height=\"59\" src=\"https:\/\/camexa-formularios.com\/centro_capacitacion\/wp-content\/uploads\/2023\/09\/CAMEXA-logo.webp\" class=\"attachment-medium size-medium wp-image-13480\" alt=\"\" srcset=\"https:\/\/camexa-formularios.com\/centro_capacitacion\/wp-content\/uploads\/2023\/09\/CAMEXA-logo-300x59.webp 300w, https:\/\/camexa-formularios.com\/centro_capacitacion\/wp-content\/uploads\/2023\/09\/CAMEXA-logo-1024x203.webp 1024w, https:\/\/camexa-formularios.com\/centro_capacitacion\/wp-content\/uploads\/2023\/09\/CAMEXA-logo-768x152.webp 768w, https:\/\/camexa-formularios.com\/centro_capacitacion\/wp-content\/uploads\/2023\/09\/CAMEXA-logo.webp 1050w\" sizes=\"(max-width: 300px) 100vw, 300px\" \/>\t\t\t\t\t\t\t\t\t\t\t\t\t\t\t<\/div>\n\t\t\t\t<\/div>\n\t\t\t\t<div class=\"elementor-element elementor-element-12e82c8a elementor-widget__width-initial elementor-widget-mobile__width-initial elementor-widget elementor-widget-image\" data-id=\"12e82c8a\" data-element_type=\"widget\" data-widget_type=\"image.default\">\n\t\t\t\t<div class=\"elementor-widget-container\">\n\t\t\t\t\t\t\t\t\t\t\t\t\t\t\t<img fetchpriority=\"high\" decoding=\"async\" width=\"920\" height=\"768\" src=\"https:\/\/camexa-formularios.com\/centro_capacitacion\/wp-content\/uploads\/2023\/10\/DE-Logo-The-german-chamber.jpg\" class=\"attachment-large size-large wp-image-1351\" alt=\"\" srcset=\"https:\/\/camexa-formularios.com\/centro_capacitacion\/wp-content\/uploads\/2023\/10\/DE-Logo-The-german-chamber.jpg 920w, https:\/\/camexa-formularios.com\/centro_capacitacion\/wp-content\/uploads\/2023\/10\/DE-Logo-The-german-chamber-300x250.jpg 300w, https:\/\/camexa-formularios.com\/centro_capacitacion\/wp-content\/uploads\/2023\/10\/DE-Logo-The-german-chamber-768x641.jpg 768w\" sizes=\"(max-width: 920px) 100vw, 920px\" \/>\t\t\t\t\t\t\t\t\t\t\t\t\t\t\t<\/div>\n\t\t\t\t<\/div>\n\t\t\t\t\t<\/div>\n\t\t<\/div>\n\t\t\t\t<div class=\"elementor-column elementor-col-50 elementor-top-column elementor-element elementor-element-6e9ec89d\" data-id=\"6e9ec89d\" data-element_type=\"column\">\n\t\t\t<div class=\"elementor-widget-wrap elementor-element-populated\">\n\t\t\t\t\t\t<div class=\"elementor-element elementor-element-47ae6a85 elementor-widget__width-initial elementor-widget-mobile__width-initial elementor-widget elementor-widget-image\" data-id=\"47ae6a85\" data-element_type=\"widget\" data-widget_type=\"image.default\">\n\t\t\t\t<div class=\"elementor-widget-container\">\n\t\t\t\t\t\t\t\t\t\t\t\t\t\t\t<img decoding=\"async\" width=\"600\" height=\"237\" src=\"https:\/\/camexa-formularios.com\/centro_capacitacion\/wp-content\/uploads\/2023\/10\/eurem.png\" class=\"attachment-large size-large wp-image-1350\" alt=\"\" srcset=\"https:\/\/camexa-formularios.com\/centro_capacitacion\/wp-content\/uploads\/2023\/10\/eurem.png 600w, https:\/\/camexa-formularios.com\/centro_capacitacion\/wp-content\/uploads\/2023\/10\/eurem-300x119.png 300w\" sizes=\"(max-width: 600px) 100vw, 600px\" \/>\t\t\t\t\t\t\t\t\t\t\t\t\t\t\t<\/div>\n\t\t\t\t<\/div>\n\t\t\t\t<div class=\"elementor-element elementor-element-3fbe3f3a elementor-widget__width-initial elementor-widget-mobile__width-initial elementor-widget elementor-widget-heading\" data-id=\"3fbe3f3a\" data-element_type=\"widget\" data-widget_type=\"heading.default\">\n\t\t\t\t<div class=\"elementor-widget-container\">\n\t\t\t\t\t<h2 class=\"elementor-heading-title elementor-size-default\">Curso<\/h2>\t\t\t\t<\/div>\n\t\t\t\t<\/div>\n\t\t\t\t\t<\/div>\n\t\t<\/div>\n\t\t\t\t\t<\/div>\n\t\t<\/section>\n\t\t\t\t<section class=\"elementor-section elementor-top-section elementor-element elementor-element-41c825f2 elementor-section-height-min-height elementor-section-items-stretch elementor-section-boxed elementor-section-height-default\" data-id=\"41c825f2\" data-element_type=\"section\" data-settings=\"{&quot;background_background&quot;:&quot;classic&quot;}\">\n\t\t\t\t\t\t<div class=\"elementor-container elementor-column-gap-default\">\n\t\t\t\t\t<div class=\"elementor-column elementor-col-100 elementor-top-column elementor-element elementor-element-5e310b51\" data-id=\"5e310b51\" data-element_type=\"column\" data-settings=\"{&quot;background_background&quot;:&quot;slideshow&quot;,&quot;background_slideshow_gallery&quot;:[{&quot;id&quot;:13216,&quot;url&quot;:&quot;https:\\\/\\\/camexa-formularios.com\\\/centro_capacitacion\\\/wp-content\\\/uploads\\\/2025\\\/02\\\/21369.jpg&quot;}],&quot;background_slideshow_loop&quot;:&quot;yes&quot;,&quot;background_slideshow_slide_duration&quot;:5000,&quot;background_slideshow_slide_transition&quot;:&quot;fade&quot;,&quot;background_slideshow_transition_duration&quot;:500}\">\n\t\t\t<div class=\"elementor-widget-wrap\">\n\t\t\t\t\t\t\t<\/div>\n\t\t<\/div>\n\t\t\t\t\t<\/div>\n\t\t<\/section>\n\t\t\t\t<section class=\"elementor-section elementor-top-section elementor-element elementor-element-347749f2 elementor-section-boxed elementor-section-height-default elementor-section-height-default\" data-id=\"347749f2\" data-element_type=\"section\" data-settings=\"{&quot;background_background&quot;:&quot;classic&quot;}\">\n\t\t\t\t\t\t<div class=\"elementor-container elementor-column-gap-default\">\n\t\t\t\t\t<div class=\"elementor-column elementor-col-100 elementor-top-column elementor-element elementor-element-600308f4\" data-id=\"600308f4\" data-element_type=\"column\">\n\t\t\t<div class=\"elementor-widget-wrap elementor-element-populated\">\n\t\t\t\t\t\t<div class=\"elementor-element elementor-element-1ce839b0 elementor-invisible elementor-widget elementor-widget-heading\" data-id=\"1ce839b0\" data-element_type=\"widget\" data-settings=\"{&quot;_animation&quot;:&quot;fadeIn&quot;}\" data-widget_type=\"heading.default\">\n\t\t\t\t<div class=\"elementor-widget-container\">\n\t\t\t\t\t<h2 class=\"elementor-heading-title elementor-size-default\">Bienvenido al Curso Energ\u00eda T\u00e9rmica<\/h2>\t\t\t\t<\/div>\n\t\t\t\t<\/div>\n\t\t\t\t\t<\/div>\n\t\t<\/div>\n\t\t\t\t\t<\/div>\n\t\t<\/section>\n\t\t\t\t<section class=\"elementor-section elementor-top-section elementor-element elementor-element-eb8d694 elementor-section-boxed elementor-section-height-default elementor-section-height-default\" data-id=\"eb8d694\" data-element_type=\"section\" data-settings=\"{&quot;background_background&quot;:&quot;classic&quot;}\">\n\t\t\t\t\t\t<div class=\"elementor-container elementor-column-gap-default\">\n\t\t\t\t\t<div class=\"elementor-column elementor-col-100 elementor-top-column elementor-element elementor-element-ceb741b\" data-id=\"ceb741b\" data-element_type=\"column\">\n\t\t\t<div class=\"elementor-widget-wrap elementor-element-populated\">\n\t\t\t\t\t\t<div class=\"elementor-element elementor-element-58853dd9 elementor-widget elementor-widget-heading\" data-id=\"58853dd9\" data-element_type=\"widget\" data-widget_type=\"heading.default\">\n\t\t\t\t<div class=\"elementor-widget-container\">\n\t\t\t\t\t<h2 class=\"elementor-heading-title elementor-size-default\">\u00bfPor qu\u00e9 elegir nuestro curso?<\/h2>\t\t\t\t<\/div>\n\t\t\t\t<\/div>\n\t\t\t\t<div class=\"elementor-element elementor-element-180ee478 elementor-widget__width-initial elementor-widget-mobile__width-initial elementor-widget elementor-widget-text-editor\" data-id=\"180ee478\" data-element_type=\"widget\" data-widget_type=\"text-editor.default\">\n\t\t\t\t<div class=\"elementor-widget-container\">\n\t\t\t\t\t\t\t\t\t<p>Este curso ofrece un enfoque pr\u00e1ctico y especializado para mejorar la eficiencia energ\u00e9tica en procesos industriales mediante la optimizaci\u00f3n del uso de la energ\u00eda t\u00e9rmica. Adem\u00e1s permite a los participantes identificar oportunidades de reducci\u00f3n de costos y aplicar estrategias sostenibles con energ\u00edas renovables, todo el cumplimiento con la normativa vigente.\u00a0<\/p>\t\t\t\t\t\t\t\t<\/div>\n\t\t\t\t<\/div>\n\t\t\t\t\t<\/div>\n\t\t<\/div>\n\t\t\t\t\t<\/div>\n\t\t<\/section>\n\t\t\t\t<section class=\"elementor-section elementor-top-section elementor-element elementor-element-6ed7cdde elementor-section-boxed elementor-section-height-default elementor-section-height-default\" data-id=\"6ed7cdde\" data-element_type=\"section\">\n\t\t\t\t\t\t<div class=\"elementor-container elementor-column-gap-default\">\n\t\t\t\t\t<div class=\"elementor-column elementor-col-50 elementor-top-column elementor-element elementor-element-5d810553\" data-id=\"5d810553\" data-element_type=\"column\" data-settings=\"{&quot;background_background&quot;:&quot;classic&quot;}\">\n\t\t\t<div class=\"elementor-widget-wrap elementor-element-populated\">\n\t\t\t\t\t\t<div class=\"elementor-element elementor-element-668c013 elementor-widget__width-initial elementor-widget elementor-widget-heading\" data-id=\"668c013\" data-element_type=\"widget\" data-widget_type=\"heading.default\">\n\t\t\t\t<div class=\"elementor-widget-container\">\n\t\t\t\t\t<h2 class=\"elementor-heading-title elementor-size-default\">Objetivo Profesional:<\/h2>\t\t\t\t<\/div>\n\t\t\t\t<\/div>\n\t\t\t\t<div class=\"elementor-element elementor-element-7c132f75 elementor-widget__width-initial elementor-widget-mobile__width-initial elementor-widget elementor-widget-text-editor\" data-id=\"7c132f75\" data-element_type=\"widget\" data-widget_type=\"text-editor.default\">\n\t\t\t\t<div class=\"elementor-widget-container\">\n\t\t\t\t\t\t\t\t\t<p>El objetivo del curso es proporcionar a los participantes una comprensi\u00f3n integral y pr\u00e1ctica de la energ\u00eda t\u00e9rmica y su uso eficiente en procesos sustentables.<\/p><p>Es curso busca capacitar a los profesionales para identificar oportunidades de reducci\u00f3n de costos a trav\u00e9s de la optimizaci\u00f3n del uso de la energ\u00eda t\u00e9rmica , implementando medidas de eficiencia energ\u00e9tica, todo ello\u00a0<span style=\"font-style: inherit; font-weight: inherit; letter-spacing: -0.2px; background-color: rgba(0, 53, 133, 0);\">en un marco de sostenibilidad y cumplimiento regulatorio.<\/span><\/p>\t\t\t\t\t\t\t\t<\/div>\n\t\t\t\t<\/div>\n\t\t\t\t\t<\/div>\n\t\t<\/div>\n\t\t\t\t<div class=\"elementor-column elementor-col-50 elementor-top-column elementor-element elementor-element-11a70317\" data-id=\"11a70317\" data-element_type=\"column\">\n\t\t\t<div class=\"elementor-widget-wrap elementor-element-populated\">\n\t\t\t\t\t\t<div class=\"elementor-element elementor-element-711651b1 elementor-widget elementor-widget-image\" data-id=\"711651b1\" data-element_type=\"widget\" data-widget_type=\"image.default\">\n\t\t\t\t<div class=\"elementor-widget-container\">\n\t\t\t\t\t\t\t\t\t\t\t\t\t\t\t<img loading=\"lazy\" decoding=\"async\" width=\"1000\" height=\"667\" src=\"https:\/\/camexa-formularios.com\/centro_capacitacion\/wp-content\/uploads\/2025\/02\/21369.jpg\" class=\"attachment-large size-large wp-image-13216\" alt=\"\" srcset=\"https:\/\/camexa-formularios.com\/centro_capacitacion\/wp-content\/uploads\/2025\/02\/21369.jpg 1000w, https:\/\/camexa-formularios.com\/centro_capacitacion\/wp-content\/uploads\/2025\/02\/21369-300x200.jpg 300w, https:\/\/camexa-formularios.com\/centro_capacitacion\/wp-content\/uploads\/2025\/02\/21369-768x512.jpg 768w\" sizes=\"(max-width: 1000px) 100vw, 1000px\" \/>\t\t\t\t\t\t\t\t\t\t\t\t\t\t\t<\/div>\n\t\t\t\t<\/div>\n\t\t\t\t\t<\/div>\n\t\t<\/div>\n\t\t\t\t\t<\/div>\n\t\t<\/section>\n\t\t\t\t<section class=\"elementor-section elementor-top-section elementor-element elementor-element-2acb7fc1 elementor-section-boxed elementor-section-height-default elementor-section-height-default\" data-id=\"2acb7fc1\" data-element_type=\"section\">\n\t\t\t\t\t\t<div class=\"elementor-container elementor-column-gap-default\">\n\t\t\t\t\t<div class=\"elementor-column elementor-col-100 elementor-top-column elementor-element elementor-element-32a6a0e1\" data-id=\"32a6a0e1\" data-element_type=\"column\">\n\t\t\t<div class=\"elementor-widget-wrap elementor-element-populated\">\n\t\t\t\t\t\t<div class=\"elementor-element elementor-element-2d3f01f0 elementor-widget__width-initial elementor-widget-mobile__width-initial elementor-widget elementor-widget-text-editor\" data-id=\"2d3f01f0\" data-element_type=\"widget\" data-widget_type=\"text-editor.default\">\n\t\t\t\t<div class=\"elementor-widget-container\">\n\t\t\t\t\t\t\t\t\t<p>Competencias<\/p><ul><li><b>Identificar oportunidades <\/b>para mejorar la eficiencia t\u00e9rmica en procesos industriales.<\/li><li><b>Implementar estrategias <\/b>de reducci\u00f3n de costos mediante el uso optimizado del calor.<\/li><li><b>Evaluar la viabilidad t\u00e9cnica y econ\u00f3mica<\/b> de proyectos de eficiencia energ\u00e9tica.<\/li><li><b>Aplicar energ\u00edas renovables <\/b>para la generaci\u00f3n de calor en la industria.<\/li><li><b>Asegurar el cumplimiento normativo<\/b> en la materia de energ\u00eda t\u00e9rmica.<\/li><\/ul>\t\t\t\t\t\t\t\t<\/div>\n\t\t\t\t<\/div>\n\t\t\t\t<div class=\"elementor-element elementor-element-5b7cda76 elementor-widget elementor-widget-toggle\" data-id=\"5b7cda76\" data-element_type=\"widget\" data-widget_type=\"toggle.default\">\n\t\t\t\t<div class=\"elementor-widget-container\">\n\t\t\t\t\t\t\t<div class=\"elementor-toggle\">\n\t\t\t\t\t\t\t<div class=\"elementor-toggle-item\">\n\t\t\t\t\t<div id=\"elementor-tab-title-1531\" class=\"elementor-tab-title\" data-tab=\"1\" role=\"button\" aria-controls=\"elementor-tab-content-1531\" aria-expanded=\"false\">\n\t\t\t\t\t\t\t\t\t\t\t\t<span class=\"elementor-toggle-icon elementor-toggle-icon-right\" aria-hidden=\"true\">\n\t\t\t\t\t\t\t\t\t\t\t\t\t\t\t<span class=\"elementor-toggle-icon-closed\"><i class=\"fas fa-caret-right\"><\/i><\/span>\n\t\t\t\t\t\t\t\t<span class=\"elementor-toggle-icon-opened\"><i class=\"elementor-toggle-icon-opened fas fa-caret-up\"><\/i><\/span>\n\t\t\t\t\t\t\t\t\t\t\t\t\t<\/span>\n\t\t\t\t\t\t\t\t\t\t\t\t<a class=\"elementor-toggle-title\" tabindex=\"0\">Ventajas o beneficios <\/a>\n\t\t\t\t\t<\/div>\n\n\t\t\t\t\t<div id=\"elementor-tab-content-1531\" class=\"elementor-tab-content elementor-clearfix\" data-tab=\"1\" role=\"region\" aria-labelledby=\"elementor-tab-title-1531\"><ul><li>Enfoque pr\u00e1ctico y aplicando con ejemplos reales de eficiencia energ\u00e9tica.<\/li><li>Expertos en la materia con amplia experiencia en energ\u00eda t\u00e9rmica y sostenibilidad.<\/li><li>Conocimientos actualizados en normativas y estrategias innovadoras de ahorro energ\u00e9tico.<\/li><li>Impacto empresarial inmediato, permitiendo a los participantes implementar mejoras desde el primer d\u00eda.<\/li><li>Modalidad online, facilitando el acceso desde cualquier ubicaci\u00f3n.<\/li><\/ul><\/div>\n\t\t\t\t<\/div>\n\t\t\t\t\t\t\t<div class=\"elementor-toggle-item\">\n\t\t\t\t\t<div id=\"elementor-tab-title-1532\" class=\"elementor-tab-title\" data-tab=\"2\" role=\"button\" aria-controls=\"elementor-tab-content-1532\" aria-expanded=\"false\">\n\t\t\t\t\t\t\t\t\t\t\t\t<span class=\"elementor-toggle-icon elementor-toggle-icon-right\" aria-hidden=\"true\">\n\t\t\t\t\t\t\t\t\t\t\t\t\t\t\t<span class=\"elementor-toggle-icon-closed\"><i class=\"fas fa-caret-right\"><\/i><\/span>\n\t\t\t\t\t\t\t\t<span class=\"elementor-toggle-icon-opened\"><i class=\"elementor-toggle-icon-opened fas fa-caret-up\"><\/i><\/span>\n\t\t\t\t\t\t\t\t\t\t\t\t\t<\/span>\n\t\t\t\t\t\t\t\t\t\t\t\t<a class=\"elementor-toggle-title\" tabindex=\"0\">Reconocimiento<\/a>\n\t\t\t\t\t<\/div>\n\n\t\t\t\t\t<div id=\"elementor-tab-content-1532\" class=\"elementor-tab-content elementor-clearfix\" data-tab=\"2\" role=\"region\" aria-labelledby=\"elementor-tab-title-1532\"><p>Al finalizar el curso, se otorgar\u00e1 un reconocimiento, acreditando sus conocimientos en eficiencia energ\u00e9tica y gesti\u00f3n de la energ\u00eda t\u00e9rmica en procesos industriales.<\/p><\/div>\n\t\t\t\t<\/div>\n\t\t\t\t\t\t\t<div class=\"elementor-toggle-item\">\n\t\t\t\t\t<div id=\"elementor-tab-title-1533\" class=\"elementor-tab-title\" data-tab=\"3\" role=\"button\" aria-controls=\"elementor-tab-content-1533\" aria-expanded=\"false\">\n\t\t\t\t\t\t\t\t\t\t\t\t<span class=\"elementor-toggle-icon elementor-toggle-icon-right\" aria-hidden=\"true\">\n\t\t\t\t\t\t\t\t\t\t\t\t\t\t\t<span class=\"elementor-toggle-icon-closed\"><i class=\"fas fa-caret-right\"><\/i><\/span>\n\t\t\t\t\t\t\t\t<span class=\"elementor-toggle-icon-opened\"><i class=\"elementor-toggle-icon-opened fas fa-caret-up\"><\/i><\/span>\n\t\t\t\t\t\t\t\t\t\t\t\t\t<\/span>\n\t\t\t\t\t\t\t\t\t\t\t\t<a class=\"elementor-toggle-title\" tabindex=\"0\">Detalles del curso: <\/a>\n\t\t\t\t\t<\/div>\n\n\t\t\t\t\t<div id=\"elementor-tab-content-1533\" class=\"elementor-tab-content elementor-clearfix\" data-tab=\"3\" role=\"region\" aria-labelledby=\"elementor-tab-title-1533\"><p><strong>Fecha: martes 12 de agosto, 2025.<\/strong><\/p><p><strong>Duraci\u00f3n: <\/strong>12 semanas, 45.5 horas de capacitaci\u00f3n.<\/p><p><b>Modalidad: <\/b>Online, clases en vivo.<\/p><\/div>\n\t\t\t\t<\/div>\n\t\t\t\t\t\t\t\t<\/div>\n\t\t\t\t\t\t<\/div>\n\t\t\t\t<\/div>\n\t\t\t\t<div class=\"elementor-element elementor-element-5a1b9215 elementor-widget elementor-widget-heading\" data-id=\"5a1b9215\" data-element_type=\"widget\" data-widget_type=\"heading.default\">\n\t\t\t\t<div class=\"elementor-widget-container\">\n\t\t\t\t\t<h2 class=\"elementor-heading-title elementor-size-default\">RECONOCIMIENTO <\/h2>\t\t\t\t<\/div>\n\t\t\t\t<\/div>\n\t\t\t\t<div class=\"elementor-element elementor-element-223cb7c6 elementor-widget__width-initial elementor-widget-mobile__width-initial elementor-widget elementor-widget-text-editor\" data-id=\"223cb7c6\" data-element_type=\"widget\" data-widget_type=\"text-editor.default\">\n\t\t\t\t<div class=\"elementor-widget-container\">\n\t\t\t\t\t\t\t\t\t<p>Nuestro compromiso es reconocer y celebrar tus logros. Al completar con \u00e9xito el Diplomado, recibir\u00e1s una Constancia de Acreditaci\u00f3n del Curso en Eficiencia Energ\u00e9tica y Gesti\u00f3n de Energ\u00eda T\u00e9rmica en Procesos Industriales. El documento incluir\u00e1 en el anverso el nombre del participante, la fecha de emisi\u00f3n y las firmas de validaci\u00f3n de CAMEXA, y los docentes. En el reverso, se detallar\u00e1 la informaci\u00f3n del curso y su nivel t\u00e9cnico y habilidades requeridas.<\/p>\t\t\t\t\t\t\t\t<\/div>\n\t\t\t\t<\/div>\n\t\t\t\t<div class=\"elementor-element elementor-element-c9f278a e-transform elementor-widget elementor-widget-text-editor\" data-id=\"c9f278a\" data-element_type=\"widget\" data-settings=\"{&quot;_transform_scale_effect_hover&quot;:{&quot;unit&quot;:&quot;px&quot;,&quot;size&quot;:0.90000000000000002220446049250313080847263336181640625,&quot;sizes&quot;:[]},&quot;_transform_scale_effect_hover_tablet&quot;:{&quot;unit&quot;:&quot;px&quot;,&quot;size&quot;:&quot;&quot;,&quot;sizes&quot;:[]},&quot;_transform_scale_effect_hover_mobile&quot;:{&quot;unit&quot;:&quot;px&quot;,&quot;size&quot;:&quot;&quot;,&quot;sizes&quot;:[]}}\" data-widget_type=\"text-editor.default\">\n\t\t\t\t<div class=\"elementor-widget-container\">\n\t\t\t\t\t\t\t\t\t<h6 style=\"text-align: center;\"><strong style=\"font-size: 1.2em;\"><span style=\"color: #000000;\">M\u00e1s Informaci\u00f3n<\/span><\/strong><\/h6><h6 style=\"text-align: center;\"><strong><span style=\"color: #000000;\">Isela Galicia<\/span><\/strong><\/h6><h6 style=\"text-align: center;\"><strong><a href=\"mailto:isela.galicia@deinternational.com.mx\">isela.galicia@deinternational.com.mx<\/a><\/strong><\/h6>\t\t\t\t\t\t\t\t<\/div>\n\t\t\t\t<\/div>\n\t\t\t\t\t<\/div>\n\t\t<\/div>\n\t\t\t\t\t<\/div>\n\t\t<\/section>\n\t\t\t\t<section class=\"elementor-section elementor-top-section elementor-element elementor-element-ec6794 elementor-section-height-min-height elementor-section-boxed elementor-section-height-default elementor-section-items-middle\" data-id=\"ec6794\" data-element_type=\"section\" data-settings=\"{&quot;background_background&quot;:&quot;classic&quot;}\">\n\t\t\t\t\t\t\t<div class=\"elementor-background-overlay\"><\/div>\n\t\t\t\t\t\t\t<div class=\"elementor-container elementor-column-gap-default\">\n\t\t\t\t\t<div class=\"elementor-column elementor-col-100 elementor-top-column elementor-element elementor-element-55f957a8\" data-id=\"55f957a8\" data-element_type=\"column\">\n\t\t\t<div class=\"elementor-widget-wrap elementor-element-populated\">\n\t\t\t\t\t\t<div class=\"elementor-element elementor-element-5e460caa elementor-widget elementor-widget-heading\" data-id=\"5e460caa\" data-element_type=\"widget\" data-widget_type=\"heading.default\">\n\t\t\t\t<div class=\"elementor-widget-container\">\n\t\t\t\t\t<h2 class=\"elementor-heading-title elementor-size-default\">Inscr\u00edbete hoy y s\u00e9 parte del cambio hac\u00eda un futuro sostenible<\/h2>\t\t\t\t<\/div>\n\t\t\t\t<\/div>\n\t\t\t\t<div class=\"elementor-element elementor-element-12dd74c0 elementor-widget elementor-widget-text-editor\" data-id=\"12dd74c0\" data-element_type=\"widget\" data-widget_type=\"text-editor.default\">\n\t\t\t\t<div class=\"elementor-widget-container\">\n\t\t\t\t\t\t\t\t\t<p>Diplomados\u00a0<\/p>\t\t\t\t\t\t\t\t<\/div>\n\t\t\t\t<\/div>\n\t\t\t\t<div class=\"elementor-element elementor-element-47fd0319 elementor-align-center elementor-widget elementor-widget-button\" data-id=\"47fd0319\" data-element_type=\"widget\" data-widget_type=\"button.default\">\n\t\t\t\t<div class=\"elementor-widget-container\">\n\t\t\t\t\t\t\t\t\t<div class=\"elementor-button-wrapper\">\n\t\t\t\t\t<a class=\"elementor-button elementor-button-link elementor-size-md\" href=\"https:\/\/camexa-formularios.com\/centro_capacitacion\/contacto-2\/\">\n\t\t\t\t\t\t<span class=\"elementor-button-content-wrapper\">\n\t\t\t\t\t\t<span class=\"elementor-button-icon\">\n\t\t\t\t<i aria-hidden=\"true\" class=\"fas fa-long-arrow-alt-right\"><\/i>\t\t\t<\/span>\n\t\t\t\t\t\t\t\t\t<span class=\"elementor-button-text\">Inscribete ahora <\/span>\n\t\t\t\t\t<\/span>\n\t\t\t\t\t<\/a>\n\t\t\t\t<\/div>\n\t\t\t\t\t\t\t\t<\/div>\n\t\t\t\t<\/div>\n\t\t\t\t\t<\/div>\n\t\t<\/div>\n\t\t\t\t\t<\/div>\n\t\t<\/section>\n\t\t\t\t<\/div>\n\t\t","protected":false},"excerpt":{"rendered":"<p>Curso Bienvenido al Curso Energ\u00eda T\u00e9rmica \u00bfPor qu\u00e9 elegir nuestro curso? Este curso ofrece un enfoque pr\u00e1ctico y especializado para mejorar la eficiencia energ\u00e9tica en procesos industriales mediante la optimizaci\u00f3n del uso de la energ\u00eda t\u00e9rmica. Adem\u00e1s permite a los participantes identificar oportunidades de reducci\u00f3n de costos y aplicar estrategias sostenibles con energ\u00edas renovables, todo &hellip;<\/p>\n<p class=\"read-more\"> <a class=\"\" href=\"https:\/\/camexa-formularios.com\/centro_capacitacion\/ds-gestion-de-la-sostenibilidad-en-la-empresa\/\"> <span class=\"screen-reader-text\">DS. Curso Energ\u00eda T\u00e9rmica<\/span> Leer m\u00e1s &raquo;<\/a><\/p>\n","protected":false},"author":1,"featured_media":0,"parent":0,"menu_order":0,"comment_status":"closed","ping_status":"closed","template":"","meta":{"site-sidebar-layout":"no-sidebar","site-content-layout":"","ast-site-content-layout":"full-width-container","site-content-style":"default","site-sidebar-style":"default","ast-global-header-display":"","ast-banner-title-visibility":"","ast-main-header-display":"","ast-hfb-above-header-display":"","ast-hfb-below-header-display":"","ast-hfb-mobile-header-display":"","site-post-title":"disabled","ast-breadcrumbs-content":"","ast-featured-img":"disabled","footer-sml-layout":"","theme-transparent-header-meta":"","adv-header-id-meta":"","stick-header-meta":"","header-above-stick-meta":"","header-main-stick-meta":"","header-below-stick-meta":"","astra-migrate-meta-layouts":"","footnotes":""},"class_list":["post-15713","page","type-page","status-publish","hentry"],"_links":{"self":[{"href":"https:\/\/camexa-formularios.com\/centro_capacitacion\/wp-json\/wp\/v2\/pages\/15713","targetHints":{"allow":["GET"]}}],"collection":[{"href":"https:\/\/camexa-formularios.com\/centro_capacitacion\/wp-json\/wp\/v2\/pages"}],"about":[{"href":"https:\/\/camexa-formularios.com\/centro_capacitacion\/wp-json\/wp\/v2\/types\/page"}],"author":[{"embeddable":true,"href":"https:\/\/camexa-formularios.com\/centro_capacitacion\/wp-json\/wp\/v2\/users\/1"}],"replies":[{"embeddable":true,"href":"https:\/\/camexa-formularios.com\/centro_capacitacion\/wp-json\/wp\/v2\/comments?post=15713"}],"version-history":[{"count":2,"href":"https:\/\/camexa-formularios.com\/centro_capacitacion\/wp-json\/wp\/v2\/pages\/15713\/revisions"}],"predecessor-version":[{"id":16853,"href":"https:\/\/camexa-formularios.com\/centro_capacitacion\/wp-json\/wp\/v2\/pages\/15713\/revisions\/16853"}],"wp:attachment":[{"href":"https:\/\/camexa-formularios.com\/centro_capacitacion\/wp-json\/wp\/v2\/media?parent=15713"}],"curies":[{"name":"wp","href":"https:\/\/api.w.org\/{rel}","templated":true}]}}