{"id":2436,"date":"2023-10-09T01:54:05","date_gmt":"2023-10-09T01:54:05","guid":{"rendered":"https:\/\/camexa-formularios.com\/centro_capacitacion\/?page_id=2436"},"modified":"2025-07-04T19:22:55","modified_gmt":"2025-07-04T19:22:55","slug":"contacto-2","status":"publish","type":"page","link":"https:\/\/camexa-formularios.com\/centro_capacitacion\/contacto-2\/","title":{"rendered":"Contacto +"},"content":{"rendered":"\t\t<div data-elementor-type=\"wp-page\" data-elementor-id=\"2436\" class=\"elementor elementor-2436\" data-elementor-post-type=\"page\">\n\t\t\t\t\t\t<section class=\"elementor-section elementor-top-section elementor-element elementor-element-720a9d28 elementor-section-content-middle elementor-section-boxed elementor-section-height-default elementor-section-height-default\" data-id=\"720a9d28\" data-element_type=\"section\" data-settings=\"{&quot;background_background&quot;:&quot;classic&quot;}\">\n\t\t\t\t\t\t<div class=\"elementor-container elementor-column-gap-no\">\n\t\t\t\t\t<div class=\"elementor-column elementor-col-100 elementor-top-column elementor-element elementor-element-21b45f53\" data-id=\"21b45f53\" data-element_type=\"column\">\n\t\t\t<div class=\"elementor-widget-wrap elementor-element-populated\">\n\t\t\t\t\t\t<div class=\"elementor-element elementor-element-5ae71e9 elementor-widget elementor-widget-heading\" data-id=\"5ae71e9\" data-element_type=\"widget\" data-widget_type=\"heading.default\">\n\t\t\t\t<div class=\"elementor-widget-container\">\n\t\t\t\t\t<h4 class=\"elementor-heading-title elementor-size-default\">Cont\u00e1ctanos<\/h4>\t\t\t\t<\/div>\n\t\t\t\t<\/div>\n\t\t\t\t<div class=\"elementor-element elementor-element-d55d20e elementor-widget__width-initial elementor-widget-mobile__width-initial elementor-widget elementor-widget-heading\" data-id=\"d55d20e\" data-element_type=\"widget\" data-widget_type=\"heading.default\">\n\t\t\t\t<div class=\"elementor-widget-container\">\n\t\t\t\t\t<h4 class=\"elementor-heading-title elementor-size-default\">Por favor, completa el siguiente formulario para que un miembro del equipo de Desarrollo Sostenible de CAMEXA pueda ponerse en contacto contigo. En el apartado de mensaje, puedes especificar el tema que te gustar\u00eda tratar con nosotros, ya sea para resolver dudas sobre nuestros servicios, dise\u00f1ar Programas de entrenamiento personalizados, o cualquier otro asunto que desees discutir con uno de nuestros asesores.\n<\/h4>\t\t\t\t<\/div>\n\t\t\t\t<\/div>\n\t\t\t\t<div class=\"elementor-element elementor-element-0dba4de elementor-widget__width-initial elementor-widget-mobile__width-initial elementor-widget elementor-widget-heading\" data-id=\"0dba4de\" data-element_type=\"widget\" data-widget_type=\"heading.default\">\n\t\t\t\t<div class=\"elementor-widget-container\">\n\t\t\t\t\t<h4 class=\"elementor-heading-title elementor-size-default\">Los campos marcados con * son obligatorios<\/h4>\t\t\t\t<\/div>\n\t\t\t\t<\/div>\n\t\t\t\t<div class=\"elementor-element elementor-element-7c9387e elementor-widget__width-initial elementor-widget-mobile__width-initial elementor-button-align-stretch elementor-widget elementor-widget-form\" data-id=\"7c9387e\" data-element_type=\"widget\" data-settings=\"{&quot;step_next_label&quot;:&quot;Next&quot;,&quot;step_previous_label&quot;:&quot;Previous&quot;,&quot;button_width&quot;:&quot;100&quot;,&quot;step_type&quot;:&quot;number_text&quot;,&quot;step_icon_shape&quot;:&quot;circle&quot;}\" data-widget_type=\"form.default\">\n\t\t\t\t<div class=\"elementor-widget-container\">\n\t\t\t\t\t\t\t<form class=\"elementor-form\" method=\"post\" name=\"Form Contact\">\n\t\t\t<input type=\"hidden\" name=\"post_id\" value=\"2436\"\/>\n\t\t\t<input type=\"hidden\" name=\"form_id\" value=\"7c9387e\"\/>\n\t\t\t<input type=\"hidden\" name=\"referer_title\" value=\"\" \/>\n\n\t\t\t\n\t\t\t<div class=\"elementor-form-fields-wrapper elementor-labels-above\">\n\t\t\t\t\t\t\t\t<div class=\"elementor-field-type-text elementor-field-group elementor-column elementor-field-group-field_cb310b5 elementor-col-100 elementor-field-required\">\n\t\t\t\t\t\t\t\t\t\t\t\t<label for=\"form-field-field_cb310b5\" class=\"elementor-field-label\">\n\t\t\t\t\t\t\t\tApellido*\t\t\t\t\t\t\t<\/label>\n\t\t\t\t\t\t\t\t\t\t\t\t\t\t<input size=\"1\" type=\"text\" name=\"form_fields[field_cb310b5]\" id=\"form-field-field_cb310b5\" class=\"elementor-field elementor-size-sm  elementor-field-textual\" placeholder=\"Apellido\" required=\"required\" aria-required=\"true\">\n\t\t\t\t\t\t\t\t\t\t\t<\/div>\n\t\t\t\t\t\t\t\t<div class=\"elementor-field-type-text elementor-field-group elementor-column elementor-field-group-name elementor-col-100 elementor-field-required\">\n\t\t\t\t\t\t\t\t\t\t\t\t<label for=\"form-field-name\" class=\"elementor-field-label\">\n\t\t\t\t\t\t\t\tNombre*\t\t\t\t\t\t\t<\/label>\n\t\t\t\t\t\t\t\t\t\t\t\t\t\t<input size=\"1\" type=\"text\" name=\"form_fields[name]\" id=\"form-field-name\" class=\"elementor-field elementor-size-sm  elementor-field-textual\" placeholder=\"Nombre\" required=\"required\" aria-required=\"true\">\n\t\t\t\t\t\t\t\t\t\t\t<\/div>\n\t\t\t\t\t\t\t\t<div class=\"elementor-field-type-text elementor-field-group elementor-column elementor-field-group-email elementor-col-100 elementor-field-required\">\n\t\t\t\t\t\t\t\t\t\t\t\t<label for=\"form-field-email\" class=\"elementor-field-label\">\n\t\t\t\t\t\t\t\tCompa\u00f1\u00eda\t\t\t\t\t\t\t<\/label>\n\t\t\t\t\t\t\t\t\t\t\t\t\t\t<input size=\"1\" type=\"text\" name=\"form_fields[email]\" id=\"form-field-email\" class=\"elementor-field elementor-size-sm  elementor-field-textual\" required=\"required\" aria-required=\"true\">\n\t\t\t\t\t\t\t\t\t\t\t<\/div>\n\t\t\t\t\t\t\t\t<div class=\"elementor-field-type-email elementor-field-group elementor-column elementor-field-group-field_573cdcd elementor-col-100 elementor-field-required\">\n\t\t\t\t\t\t\t\t\t\t\t\t<label for=\"form-field-field_573cdcd\" class=\"elementor-field-label\">\n\t\t\t\t\t\t\t\tCorreo electr\u00f3nico*\t\t\t\t\t\t\t<\/label>\n\t\t\t\t\t\t\t\t\t\t\t\t\t\t<input size=\"1\" type=\"email\" name=\"form_fields[field_573cdcd]\" id=\"form-field-field_573cdcd\" class=\"elementor-field elementor-size-sm  elementor-field-textual\" placeholder=\"Email\" required=\"required\" aria-required=\"true\">\n\t\t\t\t\t\t\t\t\t\t\t<\/div>\n\t\t\t\t\t\t\t\t<div class=\"elementor-field-type-number elementor-field-group elementor-column elementor-field-group-field_f2892cd elementor-col-100\">\n\t\t\t\t\t\t\t\t\t\t\t\t<label for=\"form-field-field_f2892cd\" class=\"elementor-field-label\">\n\t\t\t\t\t\t\t\tTelefono\t\t\t\t\t\t\t<\/label>\n\t\t\t\t\t\t\t\t\t<input type=\"number\" name=\"form_fields[field_f2892cd]\" id=\"form-field-field_f2892cd\" class=\"elementor-field elementor-size-sm  elementor-field-textual\" min=\"\" max=\"\" >\n\t\t\t\t\t\t<\/div>\n\t\t\t\t\t\t\t\t<div class=\"elementor-field-type-select elementor-field-group elementor-column elementor-field-group-field_891fb08 elementor-col-100\">\n\t\t\t\t\t\t\t\t\t\t\t\t<label for=\"form-field-field_891fb08\" class=\"elementor-field-label\">\n\t\t\t\t\t\t\t\tPrograma de Capacitaci\u00f3n:\t\t\t\t\t\t\t<\/label>\n\t\t\t\t\t\t\t\t<div class=\"elementor-field elementor-select-wrapper remove-before \">\n\t\t\t<div class=\"select-caret-down-wrapper\">\n\t\t\t\t<i aria-hidden=\"true\" class=\"eicon-caret-down\"><\/i>\t\t\t<\/div>\n\t\t\t<select name=\"form_fields[field_891fb08]\" id=\"form-field-field_891fb08\" class=\"elementor-field-textual elementor-size-sm\">\n\t\t\t\t\t\t\t\t\t<option value=\"-Seleccione el curso-\">-Seleccione el curso-<\/option>\n\t\t\t\t\t\t\t\t\t<option value=\"Certificado de Experto en Finanzas Verdes\">Certificado de Experto en Finanzas Verdes<\/option>\n\t\t\t\t\t\t\t\t\t<option value=\"Curso de Modelado Arquitect\u00f3nico con HVAC con Design Building\">Curso de Modelado Arquitect\u00f3nico con HVAC con Design Building<\/option>\n\t\t\t\t\t\t\t\t\t<option value=\"Curso Intensivo de Auditorias Energ\u00e9ticas\">Curso Intensivo de Auditorias Energ\u00e9ticas<\/option>\n\t\t\t\t\t\t\t\t\t<option value=\"Curso Intensivo de Cogeneraci\u00f3n\">Curso Intensivo de Cogeneraci\u00f3n<\/option>\n\t\t\t\t\t\t\t\t\t<option value=\"Descubriendo GRI para Gremios y Asociaciones Empresariales\">Descubriendo GRI para Gremios y Asociaciones Empresariales<\/option>\n\t\t\t\t\t\t\t\t\t<option value=\"Diplomado European Energy Manager EUREM\">Diplomado European Energy Manager EUREM<\/option>\n\t\t\t\t\t\t\t\t\t<option value=\"Diplomado en Direcci\u00f3n de Proyectos PMP\">Diplomado en Direcci\u00f3n de Proyectos PMP<\/option>\n\t\t\t\t\t\t\t\t\t<option value=\"Diplomado en Microsoft Excel\">Diplomado en Microsoft Excel<\/option>\n\t\t\t\t\t\t\t\t\t<option value=\"Diplomado en Planeaci\u00f3n Estrat\u00e9gica LSS\">Diplomado en Planeaci\u00f3n Estrat\u00e9gica LSS<\/option>\n\t\t\t\t\t\t\t\t\t<option value=\"Dise\u00f1o Arquitect\u00f3nico Bioclim\u00e1tico\">Dise\u00f1o Arquitect\u00f3nico Bioclim\u00e1tico<\/option>\n\t\t\t\t\t\t\t\t\t<option value=\"Energ\u00eda Solar Fotovoltaica y Generaci\u00f3n Distribuid\">Energ\u00eda Solar Fotovoltaica y Generaci\u00f3n Distribuid<\/option>\n\t\t\t\t\t\t\t\t\t<option value=\"Energy Manager \">Energy Manager <\/option>\n\t\t\t\t\t\t\t\t\t<option value=\"Gesti\u00f3n Energ\u00e9tica en Flotas Vehiculares\">Gesti\u00f3n Energ\u00e9tica en Flotas Vehiculares<\/option>\n\t\t\t\t\t\t\t\t\t<option value=\"Gestor de la Sostenibilidad en la Empresa\">Gestor de la Sostenibilidad en la Empresa<\/option>\n\t\t\t\t\t\t\t\t\t<option value=\"The Samurai Game: Taller de Liderazgo y Alta Eficacia Personal\">The Samurai Game: Taller de Liderazgo y Alta Eficacia Personal<\/option>\n\t\t\t\t\t\t\t\t\t<option value=\"Taller Presencial Relaciones Personales Poderosas\">Taller Presencial Relaciones Personales Poderosas<\/option>\n\t\t\t\t\t\t\t\t\t<option value=\"Taller Presencial El Arte de Hablar en P\u00fablico\">Taller Presencial El Arte de Hablar en P\u00fablico<\/option>\n\t\t\t\t\t\t\t\t\t<option value=\"Taller de Marketing Digital Enfocado a PyMES\">Taller de Marketing Digital Enfocado a PyMES<\/option>\n\t\t\t\t\t\t\t\t\t<option value=\"Venta de Servicios Energ\u00e9ticos\">Venta de Servicios Energ\u00e9ticos<\/option>\n\t\t\t\t\t\t\t\t\t<option value=\"-Programa Personalizado-\">-Programa Personalizado-<\/option>\n\t\t\t\t\t\t\t\t\t<option value=\"\"><\/option>\n\t\t\t\t\t\t\t<\/select>\n\t\t<\/div>\n\t\t\t\t\t\t<\/div>\n\t\t\t\t\t\t\t\t<div class=\"elementor-field-type-textarea elementor-field-group elementor-column elementor-field-group-message elementor-col-100\">\n\t\t\t\t\t\t\t\t\t\t\t\t<label for=\"form-field-message\" class=\"elementor-field-label\">\n\t\t\t\t\t\t\t\tSu mensaje\t\t\t\t\t\t\t<\/label>\n\t\t\t\t\t\t<textarea class=\"elementor-field-textual elementor-field  elementor-size-sm\" name=\"form_fields[message]\" id=\"form-field-message\" rows=\"4\" placeholder=\"Message\"><\/textarea>\t\t\t\t<\/div>\n\t\t\t\t\t\t\t\t<div class=\"elementor-field-group elementor-column elementor-field-type-submit elementor-col-100 e-form__buttons\">\n\t\t\t\t\t<button class=\"elementor-button elementor-size-sm\" type=\"submit\">\n\t\t\t\t\t\t<span class=\"elementor-button-content-wrapper\">\n\t\t\t\t\t\t\t\t\t\t\t\t\t\t\t\t\t\t\t\t\t\t<span class=\"elementor-button-text\">ENVIAR<\/span>\n\t\t\t\t\t\t\t\t\t\t\t\t\t<\/span>\n\t\t\t\t\t<\/button>\n\t\t\t\t<\/div>\n\t\t\t<\/div>\n\t\t<\/form>\n\t\t\t\t\t\t<\/div>\n\t\t\t\t<\/div>\n\t\t\t\t\t<\/div>\n\t\t<\/div>\n\t\t\t\t\t<\/div>\n\t\t<\/section>\n\t\t\t\t<footer class=\"elementor-section elementor-top-section elementor-element elementor-element-772a1e9 elementor-section-content-middle elementor-section-boxed elementor-section-height-default elementor-section-height-default\" data-id=\"772a1e9\" data-element_type=\"section\" data-settings=\"{&quot;background_background&quot;:&quot;gradient&quot;}\">\n\t\t\t\t\t\t<div class=\"elementor-container elementor-column-gap-default\">\n\t\t\t\t\t<div class=\"elementor-column elementor-col-100 elementor-top-column elementor-element elementor-element-b5731fa\" data-id=\"b5731fa\" data-element_type=\"column\">\n\t\t\t<div class=\"elementor-widget-wrap elementor-element-populated\">\n\t\t\t\t\t\t<div class=\"elementor-element elementor-element-f0a2086 elementor-widget elementor-widget-theme-site-logo elementor-widget-image\" data-id=\"f0a2086\" data-element_type=\"widget\" data-widget_type=\"theme-site-logo.default\">\n\t\t\t\t<div class=\"elementor-widget-container\">\n\t\t\t\t\t\t\t\t\t\t\t<a href=\"https:\/\/camexa-formularios.com\/centro_capacitacion\">\n\t\t\t<img fetchpriority=\"high\" decoding=\"async\" width=\"1050\" height=\"208\" src=\"https:\/\/camexa-formularios.com\/centro_capacitacion\/wp-content\/uploads\/2023\/09\/CAMEXA-logo.webp\" class=\"attachment-full size-full wp-image-13480\" alt=\"\" srcset=\"https:\/\/camexa-formularios.com\/centro_capacitacion\/wp-content\/uploads\/2023\/09\/CAMEXA-logo.webp 1050w, https:\/\/camexa-formularios.com\/centro_capacitacion\/wp-content\/uploads\/2023\/09\/CAMEXA-logo-300x59.webp 300w, https:\/\/camexa-formularios.com\/centro_capacitacion\/wp-content\/uploads\/2023\/09\/CAMEXA-logo-1024x203.webp 1024w, https:\/\/camexa-formularios.com\/centro_capacitacion\/wp-content\/uploads\/2023\/09\/CAMEXA-logo-768x152.webp 768w\" sizes=\"(max-width: 1050px) 100vw, 1050px\" \/>\t\t\t\t<\/a>\n\t\t\t\t\t\t\t\t\t\t\t<\/div>\n\t\t\t\t<\/div>\n\t\t\t\t\t<\/div>\n\t\t<\/div>\n\t\t\t\t\t<\/div>\n\t\t<\/footer>\n\t\t\t\t<\/div>\n\t\t","protected":false},"excerpt":{"rendered":"<p>Cont\u00e1ctanos Por favor, completa el siguiente formulario para que un miembro del equipo de Desarrollo Sostenible de CAMEXA pueda ponerse en contacto contigo. En el apartado de mensaje, puedes especificar el tema que te gustar\u00eda tratar con nosotros, ya sea para resolver dudas sobre nuestros servicios, dise\u00f1ar Programas de entrenamiento personalizados, o cualquier otro asunto &hellip;<\/p>\n<p class=\"read-more\"> <a class=\"\" href=\"https:\/\/camexa-formularios.com\/centro_capacitacion\/contacto-2\/\"> <span class=\"screen-reader-text\">Contacto +<\/span> Leer m\u00e1s &raquo;<\/a><\/p>\n","protected":false},"author":1,"featured_media":0,"parent":0,"menu_order":0,"comment_status":"closed","ping_status":"closed","template":"","meta":{"site-sidebar-layout":"no-sidebar","site-content-layout":"","ast-site-content-layout":"full-width-container","site-content-style":"default","site-sidebar-style":"default","ast-global-header-display":"","ast-banner-title-visibility":"","ast-main-header-display":"","ast-hfb-above-header-display":"","ast-hfb-below-header-display":"","ast-hfb-mobile-header-display":"","site-post-title":"disabled","ast-breadcrumbs-content":"","ast-featured-img":"disabled","footer-sml-layout":"","theme-transparent-header-meta":"","adv-header-id-meta":"","stick-header-meta":"","header-above-stick-meta":"","header-main-stick-meta":"","header-below-stick-meta":"","astra-migrate-meta-layouts":"","footnotes":""},"class_list":["post-2436","page","type-page","status-publish","hentry"],"_links":{"self":[{"href":"https:\/\/camexa-formularios.com\/centro_capacitacion\/wp-json\/wp\/v2\/pages\/2436","targetHints":{"allow":["GET"]}}],"collection":[{"href":"https:\/\/camexa-formularios.com\/centro_capacitacion\/wp-json\/wp\/v2\/pages"}],"about":[{"href":"https:\/\/camexa-formularios.com\/centro_capacitacion\/wp-json\/wp\/v2\/types\/page"}],"author":[{"embeddable":true,"href":"https:\/\/camexa-formularios.com\/centro_capacitacion\/wp-json\/wp\/v2\/users\/1"}],"replies":[{"embeddable":true,"href":"https:\/\/camexa-formularios.com\/centro_capacitacion\/wp-json\/wp\/v2\/comments?post=2436"}],"version-history":[{"count":98,"href":"https:\/\/camexa-formularios.com\/centro_capacitacion\/wp-json\/wp\/v2\/pages\/2436\/revisions"}],"predecessor-version":[{"id":13963,"href":"https:\/\/camexa-formularios.com\/centro_capacitacion\/wp-json\/wp\/v2\/pages\/2436\/revisions\/13963"}],"wp:attachment":[{"href":"https:\/\/camexa-formularios.com\/centro_capacitacion\/wp-json\/wp\/v2\/media?parent=2436"}],"curies":[{"name":"wp","href":"https:\/\/api.w.org\/{rel}","templated":true}]}}